{"id":58,"date":"2010-11-10T21:53:01","date_gmt":"2010-11-10T20:53:01","guid":{"rendered":"http:\/\/jonaswinner.com\/?page_id=58"},"modified":"2012-06-27T12:55:44","modified_gmt":"2012-06-27T11:55:44","slug":"bio","status":"publish","type":"page","link":"https:\/\/jonaswinner.com\/?page_id=58","title":{"rendered":"Bio"},"content":{"rendered":"<p style=\"text-align: justify;\"><a href=\"https:\/\/jonaswinner.com\/wp-content\/uploads\/2010\/11\/jonas-winner_12.1.11.jpg\"><\/a><a href=\"https:\/\/jonaswinner.com\/wp-content\/uploads\/2010\/11\/jonas-winner_12.1.11.jpg\"><img loading=\"lazy\" decoding=\"async\" class=\"alignnone size-large wp-image-411\" title=\"jonas winner_12.1.11\" src=\"https:\/\/jonaswinner.com\/wp-content\/uploads\/2010\/11\/jonas-winner_12.1.11-1024x576.jpg\" alt=\"\" width=\"368\" height=\"208\" \/><\/a><\/p>\n<p style=\"text-align: justify;\">Ich wurde 1966 in Berlin geboren, bin in Nikolassee aufgewachsen, einem Vorort im Westen der Stadt. Als ich elf Jahre alt war, zogen meine Eltern mit mir und meinem Bruder nach Rom, wodurch es mit dem beschaulichen Leben erstmal vorbei war. Ich besuchte die Deutsche Schule und verbrachte die meiste Zeit damit, mich zu wundern. Nach einem halben Jahr in den USA kehrte ich mit achtzehn zur\u00fcck nach Berlin, begann ein Studium der Philosophie und stellte fest, dass mich das wirklich interessierte. Ich ging f\u00fcr ein Jahr nach Paris, machte &#8217;93 meinen Magister und begann f\u00fcrs Fernsehen zu arbeiten. Zun\u00e4chst in der Kulturredaktion des regionalen ARD-Senders, sp\u00e4ter als Reporter und Redakteur eines Privatsenders. 1996 vervollst\u00e4ndigte ich mein Studium mit einer Promotion in Philosophie, beschloss jedoch &#8211; als ich mich zwischen Philosophie und dem Fernsehen entscheiden musste &#8211; mein Gl\u00fcck erstmal als Journalist zu versuchen.<\/p>\n<p style=\"text-align: justify;\">Ich drehte Dokumentationen und Reportagen f\u00fcr ZDF, WDR, ARD, ORB und arte \u00fcber Themen, die von der Luftwaffe bis zum Friedrichstadtpalast reichten, und leitete \u00fcber ein Jahr lang die vierzehnk\u00f6pfige Redaktion eines t\u00e4glichen Live-TV-Magazins. Zur gleichen Zeit gr\u00fcndete ich zusammen mit drei Freunden &#8222;plotpower&#8220;, ein Label f\u00fcr Drehb\u00fccher und Stoffentwicklung, das nach wie vor existiert. Um 2000 herum begann ich parallel zu meiner Arbeit als TV-Reporter mit dem Schreiben von Drehb\u00fcchern, vor allem Krimis und Thriller, die unter anderem vom ZDF, der ARD und Sat1 gezeigt worden sind. 2006 war es dann soweit: Ich setzte mich hin und schrieb &#8222;Davids letzter Film&#8220;, ein Manuskript, das nach einigen \u00dcberarbeitungen 2009 von dtv gekauft wurde.<\/p>\n<p style=\"text-align: justify;\">Heute lebe ich in Berlin und arbeite au\u00dfer an Drehb\u00fcchern an meinem zweiten Roman.<\/p>\n<p style=\"text-align: justify;\"><span style=\"color: #999999;\">(Oktober 2010)<\/span><\/p>\n<p style=\"text-align: justify;\"><span style=\"color: #999999;\"><span style=\"color: #ffffff;\">*<\/span><br \/>\n<\/span><\/p>\n<p style=\"text-align: left;\"><span style=\"color: #999999;\"><a href=\"https:\/\/jonaswinner.com\/wp-content\/uploads\/2012\/06\/Jonas-Winner2.jpg\">Pressefoto 1<\/a> \/ <span style=\"color: #c0c0c0;\"><a href=\"https:\/\/jonaswinner.com\/wp-content\/uploads\/2012\/06\/Jonas-Winner1.jpg\">Pressefoto 2<\/a><\/span><br \/>\n<\/span><\/p>\n","protected":false},"excerpt":{"rendered":"<p>Ich wurde 1966 in Berlin geboren, bin in Nikolassee aufgewachsen, einem Vorort im Westen der Stadt. Als ich elf Jahre alt war, zogen meine Eltern mit mir und meinem Bruder nach Rom, wodurch es mit dem beschaulichen Leben erstmal vorbei war. Ich besuchte die Deutsche Schule und verbrachte die meiste Zeit damit, mich zu wundern. [&hellip;]<\/p>\n","protected":false},"author":1,"featured_media":0,"parent":0,"menu_order":0,"comment_status":"open","ping_status":"open","template":"","meta":{"footnotes":""},"_links":{"self":[{"href":"https:\/\/jonaswinner.com\/index.php?rest_route=\/wp\/v2\/pages\/58"}],"collection":[{"href":"https:\/\/jonaswinner.com\/index.php?rest_route=\/wp\/v2\/pages"}],"about":[{"href":"https:\/\/jonaswinner.com\/index.php?rest_route=\/wp\/v2\/types\/page"}],"author":[{"embeddable":true,"href":"https:\/\/jonaswinner.com\/index.php?rest_route=\/wp\/v2\/users\/1"}],"replies":[{"embeddable":true,"href":"https:\/\/jonaswinner.com\/index.php?rest_route=%2Fwp%2Fv2%2Fcomments&post=58"}],"version-history":[{"count":71,"href":"https:\/\/jonaswinner.com\/index.php?rest_route=\/wp\/v2\/pages\/58\/revisions"}],"predecessor-version":[{"id":70,"href":"https:\/\/jonaswinner.com\/index.php?rest_route=\/wp\/v2\/pages\/58\/revisions\/70"}],"wp:attachment":[{"href":"https:\/\/jonaswinner.com\/index.php?rest_route=%2Fwp%2Fv2%2Fmedia&parent=58"}],"curies":[{"name":"wp","href":"https:\/\/api.w.org\/{rel}","templated":true}]}}