{"id":46,"date":"2010-11-10T21:52:35","date_gmt":"2010-11-10T20:52:35","guid":{"rendered":"http:\/\/jonaswinner.com\/?page_id=46"},"modified":"2018-10-24T12:20:32","modified_gmt":"2018-10-24T10:20:32","slug":"termine","status":"publish","type":"page","link":"https:\/\/jonaswinner.com\/?page_id=46","title":{"rendered":"Termine"},"content":{"rendered":"<p><strong>30. Oktober 2018<\/strong><br \/>\nBeginn: 19:00 Uhr &#8211; AUSVERKAUFT<\/p>\n<p>Bahnhof Leipzig<br \/>\n<a href=\"https:\/\/www.buchhandlung-ludwig.de\/shop\/magazine\/134433\/krimi_lese_nacht.html\">Buchhandlung Ludwig<\/a><br \/>\nKriminacht zu Halloween<br \/>\nEintritt: 10\u20ac (erm\u00e4\u00dfigt 8 \u20ac) inkl. Getr\u00e4nk und Snack<br \/>\nKarten: 0341 26846-608 oder info@buchhandlung-ludwig.de<\/p>\n<p><a href=\"https:\/\/www.facebook.com\/events\/177983206212077\/\"><img loading=\"lazy\" decoding=\"async\" class=\" wp-image-5150 alignnone\" src=\"https:\/\/jonaswinner.com\/wp-content\/uploads\/2010\/11\/LesungLeipzig.jpg\" alt=\"\" width=\"457\" height=\"472\" srcset=\"https:\/\/jonaswinner.com\/wp-content\/uploads\/2010\/11\/LesungLeipzig.jpg 508w, https:\/\/jonaswinner.com\/wp-content\/uploads\/2010\/11\/LesungLeipzig-290x300.jpg 290w\" sizes=\"(max-width: 457px) 100vw, 457px\" \/><\/a><\/p>\n<p>&nbsp;<\/p>\n<p><strong>7. November 2017<\/strong><br \/>\n19 Uhr<\/p>\n<p><a href=\"http:\/\/www.krimimarathon.de\/tatzeiten\/wie-man-zum-moerder-wird\/\">Krimimarathon Berlin 2017<\/a><\/p>\n<p><a href=\"http:\/\/www.krimimarathon.de\/tatzeiten\/wie-man-zum-moerder-wird\/\">MURDER PARK Lesung<\/a><br \/>\n(zusammen mit der forensischen Psychiaterin Nahlah Saimeh)<\/p>\n<p>Kulturring Treptow<br \/>\nErnststr. 14\/16, 12437 Berlin<br \/>\nEintritt 7 Euro (6 Euro Erm\u00e4\u00dfigung)<br \/>\nReservierungen unter: 030\/536 96 534<\/p>\n<p><a href=\"https:\/\/jonaswinner.com\/wp-content\/uploads\/2017\/10\/krimimarathon.png\"><img loading=\"lazy\" decoding=\"async\" class=\"size-full wp-image-4825 alignnone\" src=\"https:\/\/jonaswinner.com\/wp-content\/uploads\/2017\/10\/krimimarathon.png\" alt=\"\" width=\"229\" height=\"220\" \/><\/a><\/p>\n<p><strong>28. September 2017<\/strong><br \/>\n19.30 Uhr &#8211; AUSVERKAUFT<\/p>\n<p><a href=\"http:\/\/crime-cologne.eu\/\">Crime Cologne<\/a><br \/>\n<a href=\"https:\/\/jonaswinner.com\/?page_id=3919\">\u00bbMurder Park\u00ab<\/a><\/p>\n<p>Dine &amp; Crime &#8211; Amerikanischer Abend<br \/>\nLesung<br \/>\nModeration: Margarete von Schwarzkopf7. November 2017<\/p>\n<p>Caf\u00e9 Central<br \/>\nJ\u00fclicher Stra\u00dfe 1<br \/>\n50674 K\u00f6ln<\/p>\n<p>VVK 28 \u20ac, AK 30 \u20ac (inkl. Speisen und Begr\u00fc\u00dfungsgetr\u00e4nk) | <a href=\"http:\/\/crime-cologne.eu\/event\/jonas-winner-liest-aus-murder-park-amerikanischer-abend\/\" target=\"_blank\" rel=\"noopener\">Details und Tickets kaufen<\/a><br \/>\nEinlass ab 19.00 Uhr, freie Platzwahl<\/p>\n<p><a href=\"https:\/\/jonaswinner.com\/wp-content\/uploads\/2010\/11\/CrimeCologne.png\"><img loading=\"lazy\" decoding=\"async\" class=\"size-full wp-image-4530 alignnone\" src=\"https:\/\/jonaswinner.com\/wp-content\/uploads\/2010\/11\/CrimeCologne.png\" alt=\"\" width=\"300\" height=\"200\" \/><\/a><\/p>\n<p><strong>11. Januar 2016<br \/>\n<\/strong>Erscheinungstermin &#8222;<a href=\"https:\/\/jonaswinner.com\/?page_id=3262\">Die Zelle<\/a>&#8220;<br \/>\nDroemer Knaur<\/p>\n<p><strong>26. November 2015<\/strong><br \/>\n19 Uhr<br \/>\nMaison de France Berlin<br \/>\n<a href=\"https:\/\/berlin.institutfrancais.de\/kalender\/veranstaltung\/literarischer-krimiabend-krimifestival\">&#8222;Literarischer Krimiabend&#8220;<\/a><br \/>\nLesung und Gespr\u00e4ch (mit Hannelore Hoger, Karim Misk\u00e9, Pascale Fonteneau und V\u00e9ronique Barondeau)<br \/>\nKurf\u00fcrstendamm 211, 10719 Berlin<\/p>\n<p><a href=\"https:\/\/jonaswinner.com\/wp-content\/uploads\/2015\/11\/Maison-France.jpg\"><img loading=\"lazy\" decoding=\"async\" class=\"wp-image-3294 alignnone\" title=\"Maison France\" src=\"https:\/\/jonaswinner.com\/wp-content\/uploads\/2015\/11\/Maison-France.jpg\" alt=\"\" width=\"288\" height=\"288\" srcset=\"https:\/\/jonaswinner.com\/wp-content\/uploads\/2015\/11\/Maison-France.jpg 800w, https:\/\/jonaswinner.com\/wp-content\/uploads\/2015\/11\/Maison-France-150x150.jpg 150w, https:\/\/jonaswinner.com\/wp-content\/uploads\/2015\/11\/Maison-France-300x300.jpg 300w\" sizes=\"(max-width: 288px) 100vw, 288px\" \/><\/a><br \/>\n<strong><br \/>\n24. November 2015<br \/>\n<\/strong>20 Uhr<br \/>\n<a href=\"https:\/\/www.duesseldorf.de\/stadtbuechereien\/termine\/podiumsdiskussion.shtml\">&#8222;Social reading, digital publishing, transmedia storytelling&#8220;<\/a><br \/>\nPodiumsdiskussion<br \/>\ndes Ministeriums f\u00fcr Familie, Jugend, Kultur D\u00fcsseldorf<br \/>\n<a href=\"https:\/\/stadtbuechereienduesseldorf.wordpress.com\/2015\/11\/12\/diskussion-mit-daniel-fiene-sozial-digital-alles-egal-wer-diskutiert-da-eigentlich-sozialdigitalegal\/\">Infos zu den Teinehmern hier<\/a><br \/>\nZentralbibliothek, Bertha-von-Suttner-Platz 1<\/p>\n<p><strong>21. November 2014<\/strong><br \/>\n19.30 Uhr<br \/>\n<a href=\"http:\/\/www.kleinesschloss.de\/\">Kleines Schloss<\/a><br \/>\nPark Babelsberg 9, 14482 Potsdam<br \/>\n<a href=\"http:\/\/www.berliner-krimimarathon.de\/\">Krimimarathon<\/a><br \/>\nLesung &#8222;Das Gedankenexperiment&#8220;<\/p>\n<p><strong>20. November 2014<\/strong><br \/>\n20 Uhr<br \/>\n<a href=\"http:\/\/www.cafe-tasso.de\/\">Caf\u00e9 Tasso<\/a><br \/>\nFrankfurter Allee 11, 10247 Berlin<br \/>\nLesung &#8222;Das Gedankenexperiment&#8220;<\/p>\n<p><strong>18. November 2014<\/strong><br \/>\n19.45 Uhr<br \/>\n<a href=\"http:\/\/lange-nacht-des-buches.de\/\">Lange Nacht des Buches in Moabit<\/a><br \/>\nLesung &#8222;Das Gedankenexperiment&#8220;<br \/>\nWilsnacker Str. 2 \/ 10559 Berlin<\/p>\n<p><strong>10. Juni 2014<\/strong><br \/>\n<a href=\"http:\/\/www.amazon.com\/Doomed-Berlin-Gothic-Jonas-Winner-ebook\/dp\/B00H8AP1WC\">&#8222;Doomed City&#8220;<\/a><br \/>\nBerlin Gothic 2 \/ USA Ausgabe<br \/>\nAmazonCrossing \/ Seattle<br \/>\n(Paperback, eBook, audiobook)<br \/>\nErscheinungstermin<\/p>\n<p><strong>6. Juni 2014<\/strong><br \/>\n19 Uhr<br \/>\n<a href=\"http:\/\/literaturfest-meissen.de\/Mitwirkende\/winner?PHPSESSID_netsh71210=56d6f91513e7d2cb134a64b6890b4295\">Literaturfest Mei\u00dfen <\/a><br \/>\nKreuzgang im Stadtmuseum<br \/>\n<a href=\"http:\/\/literaturfest-meissen.de\/Mitwirkende\/winner?PHPSESSID_netsh71210=56d6f91513e7d2cb134a64b6890b4295\">Lesung &#8222;Das Gedankenexperiment&#8220;<\/a><\/p>\n<p><strong>28. April 2014<\/strong><br \/>\n19 Uhr<br \/>\nLesung &#8222;Das Gedankenexperiment&#8220;<br \/>\n<a href=\"http:\/\/buchhandlung-behm.shop-asp.de\/shop\/action\/?aUrl=90008528\">Buchhandlung Behm<\/a><br \/>\nSch\u00f6nflie\u00dfer Str. 9<br \/>\n16540 Hohen Neuendorf<\/p>\n<p><strong>24. April 2014<\/strong><br \/>\n19 Uhr<br \/>\nLesung &#8222;Das Gedankenexperiment&#8220;<br \/>\n<a href=\"http:\/\/www.havelrestaurant-schwedendamm.com\/\">Havelrestraurant &#8222;Am Schwedendamm&#8220;<\/a><br \/>\nSchwedendamm 7, 14712 Rathenow<br \/>\nEine Veranstaltung von <a href=\"http:\/\/www.buchhandlung-tieke.de\/news.php\">Buchhandlung Tieke<\/a><\/p>\n<p><strong>10. April 2014<\/strong><br \/>\n19 Uhr<br \/>\nBuchpr\u00e4sentation (book launch)<br \/>\n<a href=\"https:\/\/jonaswinner.com\/?page_id=2932\">&#8222;Das Gedankenexperiment&#8220;<\/a><br \/>\nAutoren- und Verlagsagentur Olechnowitz<br \/>\nFritschestr. 68<br \/>\n10585 Berlin (N\u00e4he U-Bahnhof Bismarckstr.)<\/p>\n<p><a href=\"https:\/\/jonaswinner.com\/wp-content\/uploads\/2014\/03\/Gedankenexperiment_Buchpremiere.jpg\"><img loading=\"lazy\" decoding=\"async\" class=\"size-medium wp-image-3052 alignnone\" title=\"Gedankenexperiment_Buchpremiere\" src=\"https:\/\/jonaswinner.com\/wp-content\/uploads\/2014\/03\/Gedankenexperiment_Buchpremiere-212x300.jpg\" alt=\"\" width=\"212\" height=\"300\" srcset=\"https:\/\/jonaswinner.com\/wp-content\/uploads\/2014\/03\/Gedankenexperiment_Buchpremiere-212x300.jpg 212w, https:\/\/jonaswinner.com\/wp-content\/uploads\/2014\/03\/Gedankenexperiment_Buchpremiere-725x1024.jpg 725w, https:\/\/jonaswinner.com\/wp-content\/uploads\/2014\/03\/Gedankenexperiment_Buchpremiere.jpg 907w\" sizes=\"(max-width: 212px) 100vw, 212px\" \/><\/a><\/p>\n<p><strong>1.\/2. April 2014<\/strong><br \/>\n<a href=\"http:\/\/www.droemer-knaur.de\/buch\/7925070\/das-gedankenexperiment\">&#8222;Das Gedankenexperiment&#8220;<\/a><br \/>\nDroemer Knaur (Hardback &amp; eBook)<br \/>\nErscheinungstermin<\/p>\n<p><strong>14. M\u00e4rz 2014<\/strong><br \/>\nLeipziger Buchmesse<br \/>\n16 Uhr<br \/>\n&#8222;Das Gedankenexperiment&#8220;<br \/>\n<a href=\"http:\/\/www.droemer-knaur.de\/sixcms\/media.php\/16\/Unsere_Autoren_auf_der_Leipziger_Buchmesse.pdf\">Gespr\u00e4ch am Droemer Stand<\/a><\/p>\n<p><strong>14. M\u00e4rz 2014<\/strong><br \/>\nLeipziger Buchmesse<br \/>\n13 Uhr<br \/>\n<a href=\"http:\/\/www.buchreport.de\/nachrichten\/in_eigener_sache\/in_eigener_sache_nachricht\/datum\/2014\/03\/10\/selfpublishing-als-startrampe-fuer-den-erfolg.htm\">Buchreport Publikumsgespr\u00e4ch<\/a><br \/>\n<a href=\"http:\/\/www.buchreport.de\/nachrichten\/in_eigener_sache\/in_eigener_sache_nachricht\/datum\/2014\/03\/10\/selfpublishing-als-startrampe-fuer-den-erfolg.htm\"> Forum autoren@leipzig (Halle 5)<\/a><br \/>\n30-45 Minuten<\/p>\n<p><strong>27. August 2013<\/strong><br \/>\n&#8222;Berlin Gothic&#8220; USA Ausgabe<br \/>\nAmazonCrossing \/ Seattle<br \/>\n<a href=\"www.amazon.com\/Beginning-Berlin-Gothic-Jonas-Winner-ebook\/dp\/B00BCPEWT2\/\">&#8222;The Beginning&#8220; &#8211; Berlin Gothic 1<\/a><br \/>\nErscheinungstermin<br \/>\n(auch <a href=\"http:\/\/www.amazon.com\/Beginning-Berlin-Gothic-Jonas-Winner\/dp\/1480531367\/\">audiobook<\/a>)<\/p>\n<p><strong>7. Juni 2013<\/strong><br \/>\nMei\u00dfen<br \/>\n<a href=\"http:\/\/literaturfest-meissen.de\/Mitwirkende\/Winner\">22 Uhr: Lesung &#8222;Berlin Gothic&#8220;<\/a><br \/>\nLiteraturfest Mei\u00dfen<br \/>\nKreuzgang im Stadtmuseum<\/p>\n<p><strong>3. Juni 2013<\/strong><br \/>\n<a href=\"http:\/\/www.droemer-knaur.de\/buch\/7786947\/berlin-gothic\">&#8222;Berlin Gothic&#8220;<\/a><br \/>\n<a href=\"http:\/\/www.droemer-knaur.de\/buch\/7786947\/berlin-gothic\"> alle 7 B\u00e4nde in einer Taschenausgabe<\/a><br \/>\nDroemer Knaur<br \/>\nErscheinungstermin<br \/>\n(auch Audiobook)<\/p>\n<p><strong>9. November 2012<\/strong><br \/>\nBerlin<br \/>\n19 Uhr: Lesung &#8222;Der Architekt&#8220;<br \/>\n<a href=\"http:\/\/www.berliner-krimimarathon.de\/\">Berliner Krimimarathon<\/a><br \/>\nAnna Seghers Bibliothek im Linden Center<br \/>\nPrerower Platz 2 \/ 13051 Berlin<\/p>\n<p><strong>8. November 2012<\/strong><br \/>\nBerlin<br \/>\n20 Uhr: Lesung &#8222;Der Architekt&#8220;<br \/>\nLesecaf\u00e9 1. Stock<br \/>\n<a href=\"http:\/\/www.hugendubel.com\/live\/931\/jonas-winner-in-berlin-steglitz.html\">Buchhandlung Hugendubel Schlossstra\u00dfe<\/a><br \/>\nSchlo\u00dfstr. 110 \/ LeseCaf\u00e9 1.OG<br \/>\n12163 Berlin<\/p>\n<p><strong>24. Oktober 2012<\/strong><br \/>\nD\u00fcsseldorf<br \/>\n18 Uhr: Lesung &#8222;Der Architekt&#8220; mit Max Tidof<br \/>\n<a href=\"http:\/\/www.droemer-knaur.de\/veranstaltungen\/Jonas+Winner+pr%C3%A4sentiert+mit+Max+Tidof+seinen+Thriller+%22Der+Architekt%22.7786541.html\">Presse und Buch Grauert im Bahnhof<\/a><br \/>\nKonrad-Adenauer-Platz 14<br \/>\n40210 D\u00fcsseldorf<\/p>\n<p><strong>23. Oktober 2012<\/strong><br \/>\nBerlin<br \/>\n<a href=\"http:\/\/www.verbrecherverlag.de\/verbrecherversammlungen\">20.30 Uhr: Lesung mit dem Labor<\/a><br \/>\nSkalitzerstr. 134<br \/>\n10999 Berlin<br \/>\n<a href=\"http:\/\/www.kottimonarch.de\/\">www.kottimonarch.de<\/a><\/p>\n<p><strong>19. Oktober 2012<\/strong><br \/>\nL\u00fcneburg<br \/>\n<a href=\"http:\/\/www.luenebuch.de\/veranstaltungen\/19-lesungen\/1053-jonas-winner.html\">Er\u00f6ffnung des L\u00fcneburger Krimifestivals<\/a><br \/>\n20 Uhr, Ritterakademie<br \/>\nLesung \u201cDer Architekt\u201d mit Max Tidof, Moderation: Peter Hetzel<br \/>\nAm Graalwall 12<br \/>\n21335 L\u00fcneburg<\/p>\n<p><strong>13. Oktober 2012<\/strong><br \/>\nFrankfurt am Main<br \/>\n15 &#8211; 16 Uhr<br \/>\nBuchmesse<br \/>\n<a href=\"http:\/\/www.droemer-knaur.de\/sixcms\/media.php\/16\/Messefolder_Frankfurt_2012.pdf\">Autor am Droemer Knaur Stand<\/a><br \/>\nHalle 3.1 E 143<\/p>\n<p><strong>5. Oktober 2012<\/strong><br \/>\nBerlin<br \/>\n20 Uhr<br \/>\n<a href=\"https:\/\/jonaswinner.com\/wp-content\/uploads\/2012\/09\/Buchpremiere.jpg\">BUCHPREMIERE &#8222;Der Architekt&#8220;<\/a><br \/>\nmit Christian Berkel<br \/>\nModeration: Kolja Mensing<br \/>\n<a href=\"http:\/\/www.kriminaltheater.de\/index.php?article_id=238\">Kriminaltheater Berlin<\/a> (7 \u20ac)<br \/>\nUmspannwerk Ost &#8211; Palisadenstr. 48<br \/>\n10243 Berlin<\/p>\n<p><a href=\"https:\/\/jonaswinner.com\/wp-content\/uploads\/2012\/09\/Buchpremiere.jpg\"><img loading=\"lazy\" decoding=\"async\" class=\"wp-image-2221 alignnone\" title=\"Buchpremiere\" src=\"https:\/\/jonaswinner.com\/wp-content\/uploads\/2012\/09\/Buchpremiere.jpg\" alt=\"\" width=\"231\" height=\"330\" srcset=\"https:\/\/jonaswinner.com\/wp-content\/uploads\/2012\/09\/Buchpremiere.jpg 642w, https:\/\/jonaswinner.com\/wp-content\/uploads\/2012\/09\/Buchpremiere-210x300.jpg 210w\" sizes=\"(max-width: 231px) 100vw, 231px\" \/><\/a><\/p>\n<p>&nbsp;<\/p>\n<p><strong>15. M\u00e4rz 2012<\/strong><br \/>\n16 &#8211; 17 Uhr<br \/>\nLeipziger Buchmesse<br \/>\nForum &#8222;leipzig.liest.digital&#8220;<br \/>\nTeilnahme an der<br \/>\n<a href=\"http:\/\/www.buchreport.de\/nachrichten\/online\/online_nachricht\/datum\/2012\/02\/08\/enorme-spielfreude-und-erfindungslust.htm\">buchreport-Podiumsdiskussion<\/a><br \/>\nin Kooperation mit der Akademie des Deutschen Buchhandels<br \/>\nHalle 5, Stand B600<br \/>\nThema: \u201eBrauchen B\u00fccher und Autoren noch Verlage?\u201c<\/p>\n<p><strong>27. September 2011<\/strong><br \/>\nab 20.30 Uhr<br \/>\n<a href=\"http:\/\/www.verbrecherverlag.de\/versammlung.php\">Lesung zusammen mit dem Labor<\/a><br \/>\n(Claudius Hagemeister, Knud Kohr, S\u00f6nke Lars Neuw\u00f6hner, Sven Holly Nullmeyer, Roland Oelfke, Sven S. Poser und ich)<br \/>\nim: Monarch<br \/>\nSkalitzerstr. 134<br \/>\n10999 Berlin<br \/>\n<a href=\"http:\/\/www.kottimonarch.de\/\">www.kottimonarch.de<\/a><br \/>\nEintrittspreis: 4 \u20ac<\/p>\n<p><a href=\"https:\/\/jonaswinner.com\/wp-content\/uploads\/2010\/11\/monarch.jpg\"><img loading=\"lazy\" decoding=\"async\" class=\"size-full wp-image-1029 alignnone\" title=\"monarch\" src=\"https:\/\/jonaswinner.com\/wp-content\/uploads\/2010\/11\/monarch.jpg\" alt=\"\" width=\"242\" height=\"259\" srcset=\"https:\/\/jonaswinner.com\/wp-content\/uploads\/2010\/11\/monarch.jpg 674w, https:\/\/jonaswinner.com\/wp-content\/uploads\/2010\/11\/monarch-281x300.jpg 281w\" sizes=\"(max-width: 242px) 100vw, 242px\" \/><\/a><\/p>\n<p><span style=\"color: #ffffff;\">&#8230;<\/span><\/p>\n<p><strong>3. Februar 2011<\/strong><br \/>\nab 21 Uhr<br \/>\n<a href=\"jonaswinner.com\/?p=477\">BUCHPREMIERE<\/a><br \/>\n&#8222;Davids letzter Film&#8220; &#8211; Psychothriller &#8211; dtv<br \/>\nLesung mit Barbara Philipp und mir<br \/>\nim: &#8222;meistersch\u00fcler&#8220;<br \/>\nFriedrichstr. 105b<br \/>\n10117 Berlin<br \/>\n<a href=\"http:\/\/www.meisterschueler.net\/Kontakt.html\">www.meisterschueler.net<\/a><\/p>\n<p><a href=\"https:\/\/jonaswinner.com\/wp-content\/uploads\/2010\/12\/LesungRkorr.gif\"><img loading=\"lazy\" decoding=\"async\" class=\"alignnone size-medium wp-image-299\" title=\"LesungRkorr\" src=\"https:\/\/jonaswinner.com\/wp-content\/uploads\/2010\/12\/LesungRkorr-300x300.gif\" alt=\"\" width=\"300\" height=\"300\" srcset=\"https:\/\/jonaswinner.com\/wp-content\/uploads\/2010\/12\/LesungRkorr-300x300.gif 300w, https:\/\/jonaswinner.com\/wp-content\/uploads\/2010\/12\/LesungRkorr-150x150.gif 150w, https:\/\/jonaswinner.com\/wp-content\/uploads\/2010\/12\/LesungRkorr-1024x1024.gif 1024w, https:\/\/jonaswinner.com\/wp-content\/uploads\/2010\/12\/LesungRkorr.gif 1772w\" sizes=\"(max-width: 300px) 100vw, 300px\" \/><\/a><\/p>\n<p><span style=\"color: #ffffff;\">&#8230;<\/span><\/p>\n<p><strong>16. Dezember 2010<\/strong><br \/>\n19.30 Uhr<br \/>\nHamburger Kammerspiele &#8211; Logensaal<br \/>\nHartungstra\u00dfe 9-11<br \/>\n20146 Hamburg<br \/>\nLesung mit anschlie\u00dfendem Gespr\u00e4ch<br \/>\n<a href=\"http:\/\/www.kuko-kammerspiele.de\">www.kuko-kammerspiele.de<\/a><\/p>\n<p><a href=\"https:\/\/jonaswinner.com\/wp-content\/uploads\/2010\/11\/Plakate-a4-12_10_10.jpg\"><img loading=\"lazy\" decoding=\"async\" class=\"alignnone size-medium wp-image-102\" title=\"Plakate a4 12_10_10\" src=\"https:\/\/jonaswinner.com\/wp-content\/uploads\/2010\/11\/Plakate-a4-12_10_10-212x300.jpg\" alt=\"\" width=\"212\" height=\"300\" srcset=\"https:\/\/jonaswinner.com\/wp-content\/uploads\/2010\/11\/Plakate-a4-12_10_10-212x300.jpg 212w, https:\/\/jonaswinner.com\/wp-content\/uploads\/2010\/11\/Plakate-a4-12_10_10.jpg 400w\" sizes=\"(max-width: 212px) 100vw, 212px\" \/><\/a><\/p>\n","protected":false},"excerpt":{"rendered":"<p>30. Oktober 2018 Beginn: 19:00 Uhr &#8211; AUSVERKAUFT Bahnhof Leipzig Buchhandlung Ludwig Kriminacht zu Halloween Eintritt: 10\u20ac (erm\u00e4\u00dfigt 8 \u20ac) inkl. Getr\u00e4nk und Snack Karten: 0341 26846-608 oder info@buchhandlung-ludwig.de &nbsp; 7. November 2017 19 Uhr Krimimarathon Berlin 2017 MURDER PARK Lesung (zusammen mit der forensischen Psychiaterin Nahlah Saimeh) Kulturring Treptow Ernststr. 14\/16, 12437 Berlin Eintritt [&hellip;]<\/p>\n","protected":false},"author":1,"featured_media":0,"parent":0,"menu_order":0,"comment_status":"open","ping_status":"open","template":"","meta":{"footnotes":""},"_links":{"self":[{"href":"https:\/\/jonaswinner.com\/index.php?rest_route=\/wp\/v2\/pages\/46"}],"collection":[{"href":"https:\/\/jonaswinner.com\/index.php?rest_route=\/wp\/v2\/pages"}],"about":[{"href":"https:\/\/jonaswinner.com\/index.php?rest_route=\/wp\/v2\/types\/page"}],"author":[{"embeddable":true,"href":"https:\/\/jonaswinner.com\/index.php?rest_route=\/wp\/v2\/users\/1"}],"replies":[{"embeddable":true,"href":"https:\/\/jonaswinner.com\/index.php?rest_route=%2Fwp%2Fv2%2Fcomments&post=46"}],"version-history":[{"count":74,"href":"https:\/\/jonaswinner.com\/index.php?rest_route=\/wp\/v2\/pages\/46\/revisions"}],"predecessor-version":[{"id":5151,"href":"https:\/\/jonaswinner.com\/index.php?rest_route=\/wp\/v2\/pages\/46\/revisions\/5151"}],"wp:attachment":[{"href":"https:\/\/jonaswinner.com\/index.php?rest_route=%2Fwp%2Fv2%2Fmedia&parent=46"}],"curies":[{"name":"wp","href":"https:\/\/api.w.org\/{rel}","templated":true}]}}