{"id":41,"date":"2010-11-10T21:47:24","date_gmt":"2010-11-10T20:47:24","guid":{"rendered":"http:\/\/jonaswinner.com\/?page_id=41"},"modified":"2012-06-24T19:25:52","modified_gmt":"2012-06-24T18:25:52","slug":"davids-letzter-film-2","status":"publish","type":"page","link":"https:\/\/jonaswinner.com\/?page_id=41","title":{"rendered":"Davids letzter Film"},"content":{"rendered":"<p><a name=\"top\"><\/a><\/p>\n<p><a href=\"https:\/\/jonaswinner.com\/wp-content\/uploads\/2010\/11\/David-klein-zugeschnittten-e1289567567212.jpg\"><img loading=\"lazy\" decoding=\"async\" class=\"size-full wp-image-75 alignleft\" title=\"David klein-zugeschnittten\" src=\"https:\/\/jonaswinner.com\/wp-content\/uploads\/2010\/11\/David-klein-zugeschnittten-e1289567567212.jpg\" alt=\"\" width=\"187\" height=\"300\" \/><\/a><strong><a href=\"https:\/\/jonaswinner.com\/?page_id=44\">David&#8217;s last Film (ENGLISH)<\/a><\/strong><\/p>\n<p><a href=\"http:\/\/www.magazin.dtv.de\/index.php\/2011\/01\/14\/davids-letzter-film\/\"><em>&#8222;Ein Deb\u00fct wie ein Mahlstrom&#8220;<\/em><\/a><\/p>\n<p><a href=\"#unique-identifier\">Pressestimmen \/ Rezensionen<\/a><\/p>\n<p><a href=\"#another-identifier\">Buchtrailer<\/a> \/ <a href=\"http:\/\/www.youtube.com\/watch?v=Q2A9-i4Y2iA\">Youtube<\/a><\/p>\n<p><a href=\"http:\/\/www.amazon.de\/Davids-letzter-Film-Jonas-Winner\/dp\/3423212608\">bei Amazon<\/a><\/p>\n<p><a href=\"http:\/\/www.lovelybooks.de\/autor\/Jonas-Winner\/Davids-letzter-Film-503937162-w\/\">bei Lovely Books<\/a><\/p>\n<p><a href=\"http:\/\/de-de.facebook.com\/pages\/Davids-letzter-Film\/252165198149032\">bei Facebook<\/a><\/p>\n<p><a href=\"http:\/\/www.dtv.de\/buecher\/davids_letzter_film_21260.html\">bei dtv<\/a> \/ im <a href=\"http:\/\/www.magazin.dtv.de\/index.php\/2011\/01\/21\/jonas-winner\/\">dtv magazin Interview<\/a><\/p>\n<p>im <a href=\"http:\/\/www.booksection.de\/pages\/content\/JonasWinner\">Booksection Interview<\/a><\/p>\n<p><em><a href=\"http:\/\/www.magazin.dtv.de\/index.php\/2011\/01\/14\/davids-letzter-film\/\"><\/a><\/em><\/p>\n<p><span style=\"text-decoration: underline;\">Zum Inhalt:<\/span><\/p>\n<p>Journalist Florian Baumgartner soll den bekannten und umstrittenen     Filme-macher David Mosbach portr\u00e4tieren und daf\u00fcr seine Kontakte zum     einstigen Jugendfreund nutzen. Als Florian im winterkalten Berlin     eintrifft, muss er feststellen, dass David seit Tagen spurlos     verschwunden ist. Mehr von Sorge um den bewunderten Freund als von     journalistischem Eifer getrieben, st\u00fcrzt sich Florian in seine     Recherchen, und ihn \u00fcberkommt das blanke Entsetzen: Mosbach hat in     seinen Filmen nicht nur die Grenzen des Geschmacks, er hat auch die     Grenzen der Menschlichkeit \u00fcberschritten. Kein Wunder, dass die    Polizei  bereits gegen ihn ermittelt. Und zwar wegen Mordes.<\/p>\n<p>Eine Irrfahrt durch die Abgr\u00fcnde der Hauptstadt beginnt, bei der     Florian mit Erlebnissen und Bildern konfrontiert wird, die weit \u00fcber das     hinausgehen, was er sich jemals h\u00e4tte vorstellen k\u00f6nnen. Dabei l\u00e4uft     ihm die Zeit davon: Er muss sich entscheiden, auf welcher Seite er     steht.<\/p>\n<p><strong><a name=\"unique-identifier\">Pressestimmen \/ Rezensionen<br \/>\n<\/a><\/strong><\/p>\n<p>\u201cEin Regisseur geht \u00fcber Leichen, um den perfekten Film zu drehen. Oder   ist alles nur inszeniert? \u2018Davids letzter Film\u2019 ist gro\u00dfes Kino auf 350   Taschenbuchseiten.\u201d <em><a href=\"http:\/\/www.focus.de\/kultur\/buecher\/krimikolumne\/davids-letzter-film-grosses-kino-im-taschenbuchformat_aid_598663.html\">Harry Luck, Focus Online, 6.3.2011:<\/a><\/em> \u201cMan darf gespannt sein, ob sich ein realer Regisseur finden wird, der   die Herausforderung wagt, \u2018Davids letzter Film\u2019 zu verfilmen. \u2018Nichts   f\u00fcr zarte Gem\u00fcter\u2019 ist in diesem Fall nicht als Warnung zu verstehen,   sondern als ausdr\u00fcckliche Leseempfehlung.\u201d<\/p>\n<p><em><a href=\"https:\/\/jonaswinner.com\/wp-content\/uploads\/2011\/02\/Ostth\u00fcringer-Zeitung_David.pdf\">Tatjana Mehner, \u2018Ostth\u00fcringer Zeitung\u2019, 29.1.11:<\/a> <\/em>\u201c\u2018Davids  letzter Film\u2019 schreit nach Verfilmung, auch wenn man intuitiv sp\u00fcrt,  dass die Geschichte von der gr\u00f6\u00dferen \u2026 Freiheit der Sprache lebt \u2013  durchkomponiert vom ersten Sprachbild bis zum letzten Satz, beinahe  perfekt in Struktur und Gro\u00dfform ist Jonas Winner eine echte Entdeckung  auf dem deutschen Buchmarkt.\u201d<\/p>\n<div>\n<div><em> <\/em>&#8222;Spannend sind die Einblicke in die Kunst der menschlichen Verdr\u00e4ngung, in die Abgr\u00fcnde von Verrat und zerst\u00f6rten Tr\u00e4umen.&#8220; <em><a href=\"http:\/\/www.westfaelische-nachrichten.de\/aktuelles\/kultur\/nachrichten\/1561595_nichts_ist_wie_es_scheint.html\"><em>Beate Schr\u00e4der, Westf\u00e4lische Nachrichten, 6.6.11<\/em><\/a><\/em><\/div>\n<\/div>\n<p><a href=\"http:\/\/www.echoonline.at\/index.php?option=com_content&amp;view=category&amp;layout=blog&amp;id=37&amp;Itemid=79\"><em>Andreas Hauser, Echo &#8211; Tirols erste Nachrichtenillustrierte, M\u00e4rz 2011:<\/em><\/a> &#8222;[E]in starkes Deb\u00fct, das unter die Haut geht.&#8220;<\/p>\n<p>\u201cFaszinierend ist es, unheimlich und zeitweise sogar absto\u00dfend,  einer  Pers\u00f6nlichkeit wie dem Skandalregisseur Mosbach gewisserma\u00dfen ins  Gehirn  zu kriechen. Florian Baumgartner wird sich w\u00fcnschen, es nie  getan zu  haben. F\u00fcr den Leser ist es eine au\u00dfergew\u00f6hnliche Erfahrung\u201d. <em><a href=\"http:\/\/www.boxmail.de\/2011\/02\/21\/jonas-winner-davids-letzter-film-%E2%80%93-psychothriller\/\">Edith Nebel, Wahnsinn im Alltag, 21.2.11<\/a><\/em><\/p>\n<p>&#8222;Wie man die Schranke zwischen Kunst und Leben \u00fcberschreiten kann &#8230; &#8220; <a href=\"https:\/\/jonaswinner.com\/wp-content\/uploads\/2011\/05\/hr2_buch_20110502_4.mp3\"><em>Rezension des Hessischen Rundfunks &#8211; hr2 <\/em><em> <\/em><\/a><em><a href=\"https:\/\/jonaswinner.com\/wp-content\/uploads\/2011\/05\/hr2_buch_20110502_4.mp3\"><em>von Ruth F\u00fchner<\/em><\/a><\/em><em> am 2.5.11<\/em><\/p>\n<p>&#8222;Die Geschichte ist spannend und l\u00e4dt zum Weiterlesen ein.&#8220; <a href=\"http:\/\/www.digitalvd.de\/entertainment\/filmbucher\/jonas-winner-davids-letzter-film\/\"><em>Digitalvd &#8211; das DVD Magazin, Marina Teuscher, 7.2.11<\/em><\/a><\/p>\n<p><a href=\"http:\/\/www.booksection.de\/\"><em>Boooksection.de, 6.2.11 <\/em><\/a>hat den &#8222;David&#8220; zum &#8218;Top-Buch der Woche&#8216; gemacht, mit <em><a href=\"http:\/\/www.booksection.de\/buch\/2198-Davids_letzter_Film\">Rezension<\/a><\/em>, <em><a href=\"http:\/\/www.booksection.de\/pages\/content\/JonasWinner\">Interview<\/a><\/em> und <em><a href=\"http:\/\/www.booksection.de\/pages\/content\/JonasWinner2\">Premierenbericht von Kathrin Lang<\/a><\/em>: \u201cDas Publikum, das sich aus Vertretern aller Altersklassen     zusammensetzte, tummelte sich nicht nur auf den gem\u00fctlichen Sofas,  sondern    auch auf den Fensterb\u00e4nken oder machte es sich auf dem Boden  zwischen den    eigentlichen Sitzgelegenheiten bequem \u2026 \u201d<\/p>\n<div id=\"post-360\">\n<div>\n<div><em>Katja Schumann, \u2018Rundschau Neumarkt\u2019, 26.1.11:<\/em> \u201cAutor Jonas  Winner entfaltet vor der tr\u00fcben, winterlichen  Kulisse Berlins einen  Thriller um Wahrheit und Wahrnehmung, um  menschliche und k\u00fcnstlerische  Abgr\u00fcnde und zieht den Leser von der  ersten bis zur letzten Seite in  seinen Bann. Ein inhaltlich erfreulich  anderer Thriller, stilistisch  klar und knapp, d\u00fcster, erschreckend und  faszinierend zugleich. Lesen!\u201d<\/div>\n<p><em><a href=\"http:\/\/lettra.tv\/2011\/02\/nichts-fur-zarte-gemuter\/\">Frauke Schlieckau, lettra.tv, 5.2.11<\/a><\/em> \u00fcber die Buchpremiere: \u201c\u2018Davids letzter Film\u2019, unterhaltsam und  eing\u00e4ngig geschrieben, aber  nichts f\u00fcr zarte Gem\u00fcter, geh\u00f6rt eigentlich  nicht zu der Sorte B\u00fccher,  die ich lese. Dennoch kriegt Jonas Winner  mich \u00fcber das Thema des  Romans. Wie weit darf man f\u00fcr einen Film gehen?  Was ist der Wert von  Freundschaft? \u2026 Die Lesung ist zu Ende, ich  dr\u00e4nge mich durch die Menge hinaus ins  Freie und habe mich, als ich die  Spree \u00fcberquere, schon damit ab  gefunden, den ersten Thriller meines  Lebens ganz bis zum Ende zu lesen.\u201d<\/p>\n<p>\u201cJonas  Winners literarischer Erstling ist nicht nur ein  psychologisch   ausgefeilter Thriller, sondern auch eine Hommage an die  gro\u00dfen Klassiker   des Kinos \u2026 D\u00fcster, mysteri\u00f6s und nichts f\u00fcr zart  besaitete  Gem\u00fcter.\u201d<em> <a href=\"http:\/\/www.duesseldorfer-anzeiger.de\/index.php?id=1555&amp;doc=1287\">Heide Dessel, D\u00fcsseldorfer Anzeiger, 2.2.11<\/a><\/em><\/p>\n<p>\u201cVon der ersten Seite an ist es vor allem eine Eigenschaft, die den    Deb\u00fctroman von Jonas Winner so \u2026 atemberaubend spannend   macht: die  F\u00e4higkeit des Autors, den Leser in den Sog seiner Geschichte    hineinzuziehen und ihn nicht mehr loszulassen \u2026 Die Idee hinter  \u201eDavids  letzter Film\u201c ist ebenso faszinierend wie  absto\u00dfend und hallt  noch  lange nach. Dieser Psychothriller nimmt den Leser mit auf eine  atemlose  Reise durch  das winterliche Berlin und wartet mit einem Ende  auf, das  \u00fcberraschend  und klug inszeniert ist.\u201d <em><a href=\"http:\/\/www.booksection.de\/buch\/2198\">Stefanie Rufle, Booksection.de, 31.1.11<\/a><\/em><\/p>\n<div>\n<div><em> <\/em><\/div>\n<\/div>\n<p>\u201cVon Anfang an sehr faszinierend \u2026 Man ger\u00e4t \u2026 gemeinsam mit Florian  in einen Strudel kaum zu  verkraftender Filmszenen. Als Leser kann man  sich ein bisschen Abstand  bewahren. Florian dagegen wird ungebremst  hineingezogen. Das ist eine  spannende Erfahrung.\u201d <em><a href=\"http:\/\/www.leselupe.de\/blog\/2011\/01\/27\/jonas-winner-davids-letzer-film\/\">Heike Rau, Leselupe.de, 27.1.11<\/a><\/em><\/p>\n<p>\u201cDoppelb\u00f6diges mit pfiffigem Hintersinn. Ganz gro\u00dfes Kino in einem kleinen Paperback.\u201d <em><a href=\"http:\/\/www.berlinkriminell.de\/1\/buecher.htm\">Barbara Keller, berlinkriminell.de, 24.1.11<\/a><\/em><\/p>\n<p>\u201cIch bin gespannt, ob sich jemand an einem \u2026 Film zum Buch versucht.    Ich w\u00fcrde ihn mir auf jeden Fall angucken, wenn auch nicht allein,    aufgrund dieses psychotischen Nervenkitzels, der schon im Buch total    stark durchkommt.\u201d <em><a href=\"http:\/\/www.krimikiste.com\/\">Carola Kruse, Krimikiste.de, 11.1.11<\/a><\/em><\/p>\n<p>\u201c\u2026 das Spiel  mit dem Grausamen, das \u00dcberlappen von Realit\u00e4ts- und    Traumebene und die  st\u00e4ndige Frage: In welchem Film bin ich hier    eigentlich \u2013 das alles  macht das Buch bis zur letzten Seite so    verworren spannend \u2026 doch mehr  darf hier keinesfalls verraten werden.    Das m\u00fcssen Sie unbedingt selbst  sehen \u2013 oh pardon: lesen.\u201d <em><a href=\"http:\/\/www.antennebrandenburg.de\/mediabox\/audio.media.%21etc%21medialib%21rbb%21ant%21audio%21buchtipps%21davids_letzter_film.html\">Carsten Wist, Antenne Brandenburg, 6.1.11<\/a><\/em><\/p>\n<p><em>\u2018Die Neue Frau\u2019, 5.1.11<\/em>: \u201cBerlin-Schocker\u201d; <em>der\u00a0 \u2018Wochenanzeiger\u2019 aus   Uelzen, 2.1.2011<\/em>: \u201cSpannender Horrortrip\u201d; <em>die\u00a0 \u2018Landeszeitung f\u00fcr die   L\u00fcneburger Heide\u2019, 31.12.10: <\/em>\u201cBesonders das psychologische Profil  seiner  Protagonisten hat Winner sehr genau ausgearbeitet \u2026 \u201c<\/p>\n<p>Interview mit Thomas Koschwitz zu &#8222;Davids letzter Film&#8220; in: <em><a href=\"http:\/\/www.hitradio-rtl.de\/mitmachen-gewinnen\/programmaktionen-gewinnspiele\/mit-koschwitz-ins-wochenende.html\">&#8222;Koschwitz am Wochenende&#8220;<\/a>, am 29.4.11 auf Hitradio RTL Sachen <\/em>und<em> Radio Brocken<\/em>.<\/p>\n<p><em><a href=\"http:\/\/www.evolver.at\/print\/schnellverfahren_2\/\">Marcel Feige, evolver.at, 30.3.11:<\/a><\/em> \u201cJonas Winners Deb\u00fct ist flott erz\u00e4hlt und liest sich wie ein  spannender Film.\u201d<\/p>\n<p>Bielefelds virtuelle  Stadtillustrierte <a href=\"http:\/\/www.ultimo-bielefeld.de\/kr-buch\/krimi-00.htm\"><em>Ultimo, M\u00e4rz 2011:<\/em><\/a> \u201cWinner [&#8230;] entwirft in seinem Romandeb\u00fct ein k\u00fchles Szenario \u00fcber Manipulation, Hardcore- und Snuff-Filme \u2026 \u201c<\/p>\n<p>\u201cThrill der  Extraklasse gepaart mit verst\u00f6renden Bildern und einer   Authentizit\u00e4t,  die pure G\u00e4nsehaut beim Leser ausl\u00f6st.\u201d Und: \u201cIch kann   nur  hoffen, dass  relativ schnell ein Regisseur auf den  Roman   aufmerksam wird   und\u00a0ihn\u00a0verfilmt, denn schon alleine visuell  w\u00fcrde   ich das auf gar   keinen Fall verpassen wollen.\u201d <em><a href=\"http:\/\/krimikiosk.blogspot.com\/2011\/01\/davids-letzter-film-wer-lynch-mag-wird.html\">Stefanie Diana Sterl, KrimiKiosk.de, 1.1.11<\/a><br \/>\n<\/em><\/p>\n<p>\u201cSo ist \u2018Davids letzter Film\u2019 ein  psychologisch gewitzter Grenzgang    zwischen fiktiver Filmwelt und den  Absurdit\u00e4ten der Realit\u00e4t. Aber    Achtung: nichts f\u00fcr schwache Nerven!\u201d <em><a href=\"http:\/\/www.hallo-buch.de\/winner-davidsletzterfilm.html\">Silke Schr\u00f6der, hallo-buch.de, 30.12.10<\/a><\/em><\/p>\n<p>&#8222;Vor allem die Beschreibungen \u00fcbers Filmemachen haben mich begeistert und  die Abschweifungen \u00fcber die Abgr\u00fcnde von Snuff-Filmen fand ich auch  ganz gro\u00dfe Klasse. Die Story war ein ganz toller Einfall wie er mir  bisher noch nicht untergekommen ist und mich hat das Buch &#8218;zu sp\u00e4terer  Seite&#8216; noch besser gefesselt als am Anfang. Das Ende fand ich ebenfalls  klasse und nachbetrachtend wird &#8218;Davids letzter Film&#8216; wie ein stimmiges  Ganzes ohne Logikl\u00fccken.&#8220; <a href=\"http:\/\/www.buechertreff.de\/krimis-thriller\/63596-jonas-winner-davids-letzter-film\/#post913542\"><em>Kapo, B\u00fcchertreff, 30.10.2011<\/em><\/a><\/p>\n<p>\u201cEin Deb\u00fct, das besonders Film-Enthusiasten von der  ersten Seite an fesseln wird, weil David (sic!) Winner \u2013 Drehbuchautor \u2013  vor allem   genau wei\u00df,  wovon er erz\u00e4hlt \u2013 n\u00e4mlich Film und Filmtheorie,  und weil   er auch wei\u00df,  wie man das in eine spannende Handlung  verpackt.\u201d <a href=\"http:\/\/www.lovelybooks.de\/autor\/Jonas-Winner\/Davids-letzter-Film-503937162-w\/\"><em>H. P. Karr, 1.1.11, Lovely Books<\/em><\/a><\/p>\n<p><iframe loading=\"lazy\" width=\"560\" height=\"315\" src=\"http:\/\/www.youtube.com\/embed\/IgJ0V610lxM\" frameborder=\"0\" allowfullscreen><\/iframe><\/p>\n<p>\u201cIch hatte wahnsinnig viel Spa\u00df mit dem Buch und ich denke, wenn Ihr Thriller m\u00f6gt, dann wird Euch das ganz \u00e4hnlich gehen.\u201d <a href=\"http:\/\/www.youtube.com\/watch?v=IgJ0V610lxM\"><em>Papiertourist, 7.2.2011<\/em><\/a><\/p>\n<p><em><a href=\"http:\/\/sarahs-buecherwelt.blogspot.com\/2011\/04\/jonas-winner-davids-letzter-dreh.html\">Sarahs B\u00fccherwelt, 24.2.11:<\/a><\/em> \u201cPsychothriller geh\u00f6ren zur Zeit zu meinen bevorzugtem Genre.  Dementsprechend waren meine Erwartungen an dieses Werk sehr hoch. \u2018Ein  Buch wie ein Film von David Lynch\u2019, \u2018purer Nervenkitzel\u2019 und \u2018Nichts f\u00fcr  schwache Nerven\u2019 \u2013 ich war gespannt.\u201d\u00a0 \u201cBewertung: Die 352 Seiten dieses Psychothrillers  er\u00f6ffnen erschreckende Abgr\u00fcnde der Menschheit. Es wird den Leser in  seinem Innersten treffen und ersch\u00fcttern. \u2018Davids letzter Film\u2019 kann in  meinen Augen als Vorzeigebuch dieses Genres verwendet werden. Es bekommt  f\u00fcnf Sterne.\u201d<\/p>\n<p><em><a href=\"http:\/\/buecher-fans.blogspot.com\/2011\/03\/davids-letzter-film-von-jonas-winner.html\">Mariana, buecher-fans.blogspot.com, 12.3.2011:<\/a><\/em> &#8222;Auch wenn man bei dem Wort Psychothriller gleich an  blutige Opfer oder verst\u00fcmmelte Leichen denkt, so werden diese nicht  erscheinen. Was aber viel besser ist, sind die seelischen Stiche, die  dem Leser allein durch Worte zugef\u00fcgt werden und die nach Beenden des  Buches noch eine Weile brauchen, um zu verheilen. Deswegen rate ich allen mit einer schwachen Seele beim Lesen dieses  Buches vorsichtig zu sein. Es zeigt Abgr\u00fcnde auf, die einem noch nie  gezeigt wurden, und es zeigt Bilder, die man nie sehen m\u00f6chte. Wenn ihr  es doch wagt: Zu Risiken oder Nebenwirkungen fragt lieber buecher-fans oder euren Psychiater.&#8220;<\/p>\n<p><em><a href=\"http:\/\/www.serpensortia.de\/wordpress\/?p=3875\">S<\/a><a href=\"http:\/\/www.serpensortia.de\/wordpress\/?p=3875\">erpensortia, 9.5.11:<\/a><\/em> \u201cAls mir das Buch in die H\u00e4nde fiel, musste ich zugeben,  noch nichts von Jonas Winner geh\u00f6rt zu haben. Ein deutscher  Psychothriller \u2013 ob der sich mit Sebastian Fitzek und Cody McFadyen, die  ich sonst lese, messen kann? Kann er! [&#8230;] Mir pers\u00f6nlich hat dabei am allerbesten gefallen, wie Jonas Winner es  schafft, komplizierteste Gedankeng\u00e4nge verst\u00e4ndlich zu erkl\u00e4ren und mit  Schreckensbildern arbeitet, die an die Ur\u00e4ngste des Menschen  appellieren. Gr\u00f6\u00dftenteils wird auf detaillierte Schilderungen brutaler  Szenen verzichtet, dennoch habe ich selten einen Thriller gelesen, der  so schockierend be\u00e4ngstigend ist.\u201d<\/p>\n<p><em><a href=\"http:\/\/davesbuchwelt.wordpress.com\/2011\/05\/26\/jonas-winner-davids-letzter-film\/\">Daves Buchwelt, 26.5.11:<\/a><\/em> \u201cEinen Psychothriller mit einer Filmthematik zu schreiben, hat mir gut   gefallen. Dies war etwas v\u00f6llig neues und war interessant zu lesen \u2026\u201c<\/p>\n<p><em><a href=\"http:\/\/kittykoma.twoday.net\/20110516\/\">Kitty Koma, 16.5.11:<\/a><\/em> \u201cVon  diesem Moment an konnte ich nicht mehr aufh\u00f6ren zu lesen und lag   nachts mit Herzrasen wach, eine Kreuzberger Brandmauer vor Augen.\u201d<\/p>\n<p><em><a href=\"http:\/\/glamourdick.twoday.net\/stories\/15731412\/\">Glamourdick, 19.3.11:<\/a><\/em> \u201c\u2018Davids letzter Film\u2019 ist ein page-turner\u201d.<\/p>\n<p><em><a href=\"http:\/\/bibliomanie.wordpress.com\/2011\/03\/20\/davids-letzter-film\/\">Maren, Bibliomanie, 20.3.11:<\/a><\/em> \u201c\u201cEs ist ein Buch, das  einem noch lange nachh\u00e4ngt und \u00fcber das man viel nachdenkt.&#8220;<\/p>\n<p><strong><a name=\"another-identifier\">Buchtrailer<\/a><\/strong><\/p>\n<p><iframe loading=\"lazy\" width=\"560\" height=\"315\" src=\"http:\/\/www.youtube.com\/embed\/Q2A9-i4Y2iA\" frameborder=\"0\" allowfullscreen><\/iframe><\/p>\n<p><a name=\"another-identifier\"><\/a><br \/>\n<a href=\"#top\">top<\/a><\/p>\n<\/div>\n<\/div>\n","protected":false},"excerpt":{"rendered":"<p>David&#8217;s last Film (ENGLISH) &#8222;Ein Deb\u00fct wie ein Mahlstrom&#8220; Pressestimmen \/ Rezensionen Buchtrailer \/ Youtube bei Amazon bei Lovely Books bei Facebook bei dtv \/ im dtv magazin Interview im Booksection Interview Zum Inhalt: Journalist Florian Baumgartner soll den bekannten und umstrittenen Filme-macher David Mosbach portr\u00e4tieren und daf\u00fcr seine Kontakte zum einstigen Jugendfreund nutzen. Als [&hellip;]<\/p>\n","protected":false},"author":1,"featured_media":0,"parent":0,"menu_order":0,"comment_status":"open","ping_status":"open","template":"","meta":{"footnotes":""},"_links":{"self":[{"href":"https:\/\/jonaswinner.com\/index.php?rest_route=\/wp\/v2\/pages\/41"}],"collection":[{"href":"https:\/\/jonaswinner.com\/index.php?rest_route=\/wp\/v2\/pages"}],"about":[{"href":"https:\/\/jonaswinner.com\/index.php?rest_route=\/wp\/v2\/types\/page"}],"author":[{"embeddable":true,"href":"https:\/\/jonaswinner.com\/index.php?rest_route=\/wp\/v2\/users\/1"}],"replies":[{"embeddable":true,"href":"https:\/\/jonaswinner.com\/index.php?rest_route=%2Fwp%2Fv2%2Fcomments&post=41"}],"version-history":[{"count":126,"href":"https:\/\/jonaswinner.com\/index.php?rest_route=\/wp\/v2\/pages\/41\/revisions"}],"predecessor-version":[{"id":73,"href":"https:\/\/jonaswinner.com\/index.php?rest_route=\/wp\/v2\/pages\/41\/revisions\/73"}],"wp:attachment":[{"href":"https:\/\/jonaswinner.com\/index.php?rest_route=%2Fwp%2Fv2%2Fmedia&parent=41"}],"curies":[{"name":"wp","href":"https:\/\/api.w.org\/{rel}","templated":true}]}}