{"id":4076,"date":"2017-05-04T12:36:05","date_gmt":"2017-05-04T10:36:05","guid":{"rendered":"http:\/\/jonaswinner.com\/?page_id=4076"},"modified":"2017-07-11T16:45:10","modified_gmt":"2017-07-11T14:45:10","slug":"4076-2","status":"publish","type":"page","link":"https:\/\/jonaswinner.com\/?page_id=4076","title":{"rendered":"Cela"},"content":{"rendered":"<p><a href=\"https:\/\/jonaswinner.com\/wp-content\/uploads\/2017\/02\/cela.jpg\"><img loading=\"lazy\" decoding=\"async\" class=\"wp-image-3933 alignleft\" src=\"https:\/\/jonaswinner.com\/wp-content\/uploads\/2017\/02\/cela.jpg\" alt=\"cela\" width=\"265\" height=\"383\" srcset=\"https:\/\/jonaswinner.com\/wp-content\/uploads\/2017\/02\/cela.jpg 456w, https:\/\/jonaswinner.com\/wp-content\/uploads\/2017\/02\/cela-208x300.jpg 208w\" sizes=\"(max-width: 265px) 100vw, 265px\" \/><\/a><\/p>\n<p>die polnische Ausgabe von <a href=\"https:\/\/jonaswinner.com\/?page_id=3262\">DIE ZELLE<\/a><\/p>\n<p><a href=\"http:\/\/www.initium.pl\/aktualnosci\/szczegoly\/premiera-premiera-dzis-premiera-\">Initium (Verlag)<\/a><\/p>\n<p>&nbsp;<\/p>\n<p>&nbsp;<\/p>\n<p>&nbsp;<\/p>\n<p>&nbsp;<\/p>\n<p>&nbsp;<\/p>\n<p>&nbsp;<\/p>\n<p>&nbsp;<\/p>\n<p>&nbsp;<\/p>\n<p>&nbsp;<\/p>\n<p>&nbsp;<\/p>\n<p>&nbsp;<\/p>\n<p>&nbsp;<\/p>\n<p><span style=\"text-decoration: underline;\">Rezensionen \/ Artikel (polnisch)<\/span><\/p>\n<p><iframe loading=\"lazy\" style=\"border: none; overflow: hidden;\" src=\"https:\/\/www.facebook.com\/plugins\/post.php?href=https%3A%2F%2Fwww.facebook.com%2Fwydawnictwo.initium%2Fposts%2F1447407715333917&amp;width=500\" width=\"500\" height=\"502\" frameborder=\"0\" scrolling=\"no\"><\/iframe><\/p>\n<p><a href=\"http:\/\/kasiulaczyta.blogspot.de\/2017\/06\/cela-jonas-winner.html\">http:\/\/kasiulaczyta.blogspot.de\/2017\/06\/cela-jonas-winner.html<\/a><\/p>\n<p><a href=\"http:\/\/bookendorfina.blogspot.de\/2017\/05\/cela-jonas-winner.html\">http:\/\/bookendorfina.blogspot.de\/2017\/05\/cela-jonas-winner.html<\/a><\/p>\n<p><a href=\"https:\/\/marudzenie.pl\/jonas-winner-cela-recenzja\/\">https:\/\/marudzenie.pl\/jonas-winner-cela-recenzja\/<\/a><\/p>\n<p><a href=\"http:\/\/od-deski-do-deski.blogspot.de\/2017\/05\/cela-jonas-winner.html\">http:\/\/od-deski-do-deski.blogspot.de\/2017\/05\/cela-jonas-winner.html<\/a><\/p>\n<p><a href=\"http:\/\/pisanyinaczej.blogspot.de\/2017\/05\/agnieszka-minika-polak-slad.html\">http:\/\/pisanyinaczej.blogspot.de\/2017\/05\/agnieszka-minika-polak-slad.html<\/a><\/p>\n<p><a href=\"http:\/\/blondynkagotuje.blogspot.de\/2017\/05\/cela-jonas-winner.html\">http:\/\/blondynkagotuje.blogspot.de\/2017\/05\/cela-jonas-winner.html<\/a><\/p>\n<p><a href=\"http:\/\/hrosskar.blogspot.de\/2017\/05\/cela.html\">http:\/\/hrosskar.blogspot.de\/2017\/05\/cela.html<\/a><\/p>\n<p><a href=\"http:\/\/duzeka.pl\/catalog_more\/id\/2638\/cela\/cela\">http:\/\/duzeka.pl\/catalog_more\/id\/2638\/cela\/cela<\/a><\/p>\n<p><a href=\"http:\/\/janedoe.blox.pl\/2017\/05\/Cela-Jonas-Winner.html\">http:\/\/janedoe.blox.pl\/2017\/05\/Cela-Jonas-Winner.html<\/a><\/p>\n<p><a href=\"http:\/\/nieprzeszkadzac-czytam.blogspot.de\/2017\/05\/cela.html\">http:\/\/nieprzeszkadzac-czytam.blogspot.de\/2017\/05\/cela.html<\/a><\/p>\n<p><a href=\"http:\/\/www.ruderecenzuje.pl\/2017\/04\/cela.html\">http:\/\/www.ruderecenzuje.pl\/2017\/04\/cela.html<\/a><\/p>\n<p><a href=\"https:\/\/naszksiazkowir.blogspot.de\/2017\/05\/jonas-winner-cela.html\">https:\/\/naszksiazkowir.blogspot.de\/2017\/05\/jonas-winner-cela.html<\/a><\/p>\n<p><a href=\"http:\/\/mojabooktopia.blogspot.de\/2017\/07\/cela-jonas-winner.html\">http:\/\/mojabooktopia.blogspot.de\/2017\/07\/cela-jonas-winner.html<\/a><\/p>\n<p><a href=\"http:\/\/samotnia1981.blox.pl\/2017\/05\/Jonas-Winner-CELA.html\">http:\/\/samotnia1981.blox.pl\/2017\/05\/Jonas-Winner-CELA.html<\/a><\/p>\n<p><a href=\"http:\/\/donkareads.blogspot.de\/2017\/04\/jonas-winner-cela.html\">http:\/\/donkareads.blogspot.de\/2017\/04\/jonas-winner-cela.html<\/a><\/p>\n<p><a href=\"http:\/\/ksiazki.onet.pl\/berlinski-mrok-jonas-winner-cela-recenzja\/5pn2y2\">http:\/\/ksiazki.onet.pl\/berlinski-mrok-jonas-winner-cela-recenzja\/5pn2y2<\/a><\/p>\n<p><a href=\"http:\/\/ksiazki.onet.pl\/dzisiaj-premiera-thrillera-cela-autorstwa-jonasa-winnera\/eck6hf\">http:\/\/ksiazki.onet.pl\/dzisiaj-premiera-thrillera-cela-autorstwa-jonasa-winnera\/eck6hf<\/a><\/p>\n<p><a href=\"http:\/\/nietypowerecenzje.blogspot.de\/2017\/04\/recenzja-przedpremierowa-cela-jonas.html\">http:\/\/nietypowerecenzje.blogspot.de\/2017\/04\/recenzja-przedpremierowa-cela-jonas.html<\/a><\/p>\n<p><a href=\"http:\/\/wilkksiazkowy.blogspot.de\/2017\/04\/jonas-winner-cela.html\">http:\/\/wilkksiazkowy.blogspot.de\/2017\/04\/jonas-winner-cela.html<\/a><\/p>\n<p><a href=\"http:\/\/aleksiazka.blogspot.de\/2017\/05\/recenzja-jonas-winner-cela-wydawnictwo.html\">http:\/\/aleksiazka.blogspot.de\/2017\/05\/recenzja-jonas-winner-cela-wydawnictwo.html<\/a><\/p>\n<p><a href=\"http:\/\/niezapomniany-czas-czyli-o-ksiazkach.blogspot.de\/2017\/04\/cela.html\">http:\/\/niezapomniany-czas-czyli-o-ksiazkach.blogspot.de\/2017\/04\/cela.html<\/a><\/p>\n<p><a href=\"http:\/\/twojakultura.pl\/cela\">http:\/\/twojakultura.pl\/cela<\/a><\/p>\n<p><a href=\"http:\/\/czytambolubieo.blogspot.de\/2017\/04\/cela-przedpremierowo.html\">http:\/\/czytambolubieo.blogspot.de\/2017\/04\/cela-przedpremierowo.html<\/a><\/p>\n<p><a href=\"http:\/\/ksiazkanawsi.blogspot.de\/2017\/04\/jonas-winner-cela.html\">http:\/\/ksiazkanawsi.blogspot.de\/2017\/04\/jonas-winner-cela.html<\/a><\/p>\n<p><a href=\"http:\/\/markietanka-mojeksiazki.blogspot.de\/2017\/04\/cela-jonas-winner.html\">http:\/\/markietanka-mojeksiazki.blogspot.de\/2017\/04\/cela-jonas-winner.html<\/a><\/p>\n<p><a href=\"http:\/\/pisanyinaczej.blogspot.de\/2017\/04\/jonas-winner-cela.html\">http:\/\/pisanyinaczej.blogspot.de\/2017\/04\/jonas-winner-cela.html<\/a><\/p>\n<p><a href=\"http:\/\/ksiazki-milki.blogspot.de\/2017\/04\/przedpremierowo-cela-jonas-winner.html\">http:\/\/ksiazki-milki.blogspot.de\/2017\/04\/przedpremierowo-cela-jonas-winner.html<\/a><\/p>\n<p><a href=\"http:\/\/smelloflibrary.blog.pl\/2017\/05\/16\/cela-jonas-winner\/\">http:\/\/smelloflibrary.blog.pl\/2017\/05\/16\/cela-jonas-winner\/<\/a><\/p>\n<p><a href=\"http:\/\/www.portalkryminalny.pl\/content\/view\/7744\/\">http:\/\/www.portalkryminalny.pl\/content\/view\/7744\/<\/a><\/p>\n<p><a href=\"https:\/\/wasilka-slowajakmarzenia.blogspot.de\/2017\/04\/zapis-zblizajacego-sie-obedu-czyli.html\">https:\/\/wasilka-slowajakmarzenia.blogspot.de\/2017\/04\/zapis-zblizajacego-sie-obedu-czyli.html<\/a><\/p>\n<p><a href=\"http:\/\/ksiazka-od-kuchni.blogspot.de\/2017\/04\/cela-jonas-winner.html\">http:\/\/ksiazka-od-kuchni.blogspot.de\/2017\/04\/cela-jonas-winner.html<\/a><\/p>\n<p><a href=\"http:\/\/www.empik.com\/cela-winner-jonas,p1136883639,ksiazka-p\">http:\/\/www.empik.com\/cela-winner-jonas,p1136883639,ksiazka-p<\/a><\/p>\n<p><a href=\"http:\/\/blondynkagotuje.blogspot.de\/2017\/05\/cela-jonas-winner.html\">http:\/\/blondynkagotuje.blogspot.de\/2017\/05\/cela-jonas-winner.html<\/a><\/p>\n<blockquote class=\"instagram-media\" data-instgrm-version=\"7\" style=\" background:#FFF; border:0; border-radius:3px; box-shadow:0 0 1px 0 rgba(0,0,0,0.5),0 1px 10px 0 rgba(0,0,0,0.15); margin: 1px; max-width:658px; padding:0; width:99.375%; width:-webkit-calc(100% - 2px); width:calc(100% - 2px);\">\n<div style=\"padding:8px;\">\n<div style=\" background:#F8F8F8; line-height:0; margin-top:40px; padding:62.5% 0; text-align:center; width:100%;\">\n<div style=\" background:url(data:image\/png;base64,iVBORw0KGgoAAAANSUhEUgAAACwAAAAsCAMAAAApWqozAAAABGdBTUEAALGPC\/xhBQAAAAFzUkdCAK7OHOkAAAAMUExURczMzPf399fX1+bm5mzY9AMAAADiSURBVDjLvZXbEsMgCES5\/P8\/t9FuRVCRmU73JWlzosgSIIZURCjo\/ad+EQJJB4Hv8BFt+IDpQoCx1wjOSBFhh2XssxEIYn3ulI\/6MNReE07UIWJEv8UEOWDS88LY97kqyTliJKKtuYBbruAyVh5wOHiXmpi5we58Ek028czwyuQdLKPG1Bkb4NnM+VeAnfHqn1k4+GPT6uGQcvu2h2OVuIf\/gWUFyy8OWEpdyZSa3aVCqpVoVvzZZ2VTnn2wU8qzVjDDetO90GSy9mVLqtgYSy231MxrY6I2gGqjrTY0L8fxCxfCBbhWrsYYAAAAAElFTkSuQmCC); display:block; height:44px; margin:0 auto -44px; position:relative; top:-22px; width:44px;\"><\/div>\n<\/div>\n<p style=\" color:#c9c8cd; font-family:Arial,sans-serif; font-size:14px; line-height:17px; margin-bottom:0; margin-top:8px; overflow:hidden; padding:8px 0 7px; text-align:center; text-overflow:ellipsis; white-space:nowrap;\"><a href=\"https:\/\/www.instagram.com\/p\/BWZ3IETgQqR\/\" style=\" color:#c9c8cd; font-family:Arial,sans-serif; font-size:14px; font-style:normal; font-weight:normal; line-height:17px; text-decoration:none;\" target=\"_blank\">Ein Beitrag geteilt von K.J. (@karinaanirak76)<\/a> am <time style=\" font-family:Arial,sans-serif; font-size:14px; line-height:17px;\" datetime=\"2017-07-11T11:09:38+00:00\">11. Jul 2017 um 4:09 Uhr<\/time><\/p>\n<\/div>\n<\/blockquote>\n<p><script async defer src=\"\/\/platform.instagram.com\/en_US\/embeds.js\"><\/script><\/p>\n<p><iframe loading=\"lazy\" src=\"https:\/\/www.youtube.com\/embed\/dfHRX9wwRIU?rel=0&amp;controls=0&amp;showinfo=0\" width=\"475\" height=\"267\" frameborder=\"0\" allowfullscreen=\"allowfullscreen\"><\/iframe><\/p>\n<blockquote class=\"wp-embedded-content\" data-secret=\"4pmO0LwFmg\"><p><a href=\"http:\/\/onalubi.com\/blog\/index.php\/2017\/05\/16\/cela-jonas-winner\/\">&#8221;Cela&#8221; &#8211; Jonas Winner<\/a><\/p><\/blockquote>\n<p><iframe class=\"wp-embedded-content\" sandbox=\"allow-scripts\" security=\"restricted\" style=\"position: absolute; clip: rect(1px, 1px, 1px, 1px);\" title=\"&#8222;&#8221;Cela&#8221; &#8211; Jonas Winner&#8221; &#8212; onalubi.com\" src=\"http:\/\/onalubi.com\/blog\/index.php\/2017\/05\/16\/cela-jonas-winner\/embed\/#?secret=4pmO0LwFmg\" data-secret=\"4pmO0LwFmg\" width=\"500\" height=\"282\" frameborder=\"0\" marginwidth=\"0\" marginheight=\"0\" scrolling=\"no\"><\/iframe><\/p>\n<blockquote class=\"twitter-tweet\" data-lang=\"de\">\n<p dir=\"ltr\" lang=\"pl\">Czy warto si\u0119gn\u0105\u0107 po &#8222;Cel\u0119&#8220; Winnera? Sprawd\u017acie ^_^<a href=\"https:\/\/t.co\/PHdT9So0Ku\">https:\/\/t.co\/PHdT9So0Ku<\/a><a href=\"https:\/\/twitter.com\/hashtag\/book?src=hash\">#book<\/a> <a href=\"https:\/\/twitter.com\/hashtag\/read?src=hash\">#read<\/a> <a href=\"https:\/\/twitter.com\/hashtag\/thriller?src=hash\">#thriller<\/a> <a href=\"https:\/\/twitter.com\/hashtag\/jonaswinner?src=hash\">#jonaswinner<\/a> <a href=\"https:\/\/twitter.com\/hashtag\/diezelle?src=hash\">#diezelle<\/a> <a href=\"https:\/\/t.co\/gtZCfIB4ri\">pic.twitter.com\/gtZCfIB4ri<\/a><\/p>\n<p>\u2014 Sylwia W\u0119gielewska (@SWgielewska) <a href=\"https:\/\/twitter.com\/SWgielewska\/status\/859737660822360064\">3. Mai 2017<\/a><\/p><\/blockquote>\n<p><script src=\"\/\/platform.twitter.com\/widgets.js\" async=\"\" charset=\"utf-8\"><\/script><\/p>\n<blockquote class=\"instagram-media\" style=\"background: #FFF; border: 0; border-radius: 3px; box-shadow: 0 0 1px 0 rgba(0,0,0,0.5),0 1px 10px 0 rgba(0,0,0,0.15); margin: 1px; max-width: 658px; padding: 0; width: calc(100% - 2px);\" data-instgrm-version=\"7\">\n<div style=\"padding: 8px;\">\n<div style=\"background: #F8F8F8; line-height: 0; margin-top: 40px; padding: 50.0% 0; text-align: center; width: 100%;\"><\/div>\n<p><a style=\"color: #c9c8cd; font-family: Arial,sans-serif; font-size: 14px; font-style: normal; font-weight: normal; line-height: 17px; text-decoration: none;\" href=\"https:\/\/www.instagram.com\/p\/BToXVshl-sy\/\" target=\"_blank\" rel=\"noopener\">Ein Beitrag geteilt von bookeaterreality (@bookeaterreality)<\/a> am <time style=\"font-family: Arial,sans-serif; font-size: 14px; line-height: 17px;\" datetime=\"2017-05-03T12:46:18+00:00\">3. Mai 2017 um 5:46 Uhr<\/time><\/p>\n<\/div>\n<\/blockquote>\n<p><script src=\"\/\/platform.instagram.com\/en_US\/embeds.js\" async=\"\" defer=\"defer\"><\/script><\/p>\n<blockquote class=\"instagram-media\" style=\"background: #FFF; border: 0; border-radius: 3px; box-shadow: 0 0 1px 0 rgba(0,0,0,0.5),0 1px 10px 0 rgba(0,0,0,0.15); margin: 1px; max-width: 658px; padding: 0; width: calc(100% - 2px);\" data-instgrm-version=\"7\">\n<div style=\"padding: 8px;\">\n<div style=\"background: #F8F8F8; line-height: 0; margin-top: 40px; padding: 39.120370370370374% 0; text-align: center; width: 100%;\"><\/div>\n<p style=\"color: #c9c8cd; font-family: Arial,sans-serif; font-size: 14px; line-height: 17px; margin-bottom: 0; margin-top: 8px; overflow: hidden; padding: 8px 0 7px; text-align: center; text-overflow: ellipsis; white-space: nowrap;\"><a style=\"color: #c9c8cd; font-family: Arial,sans-serif; font-size: 14px; font-style: normal; font-weight: normal; line-height: 17px; text-decoration: none;\" href=\"https:\/\/www.instagram.com\/p\/BTgkHKQFgCl\/\" target=\"_blank\" rel=\"noopener\">Ein Beitrag geteilt von Mama Misi i Tosi (@aga_bur)<\/a> am <time style=\"font-family: Arial,sans-serif; font-size: 14px; line-height: 17px;\" datetime=\"2017-04-30T12:03:59+00:00\">30. Apr 2017 um 5:03 Uhr<\/time><\/p>\n<\/div>\n<\/blockquote>\n<p><script src=\"\/\/platform.instagram.com\/en_US\/embeds.js\" async=\"\" defer=\"defer\"><\/script><\/p>\n<blockquote class=\"instagram-media\" style=\"background: #FFF; border: 0; border-radius: 3px; box-shadow: 0 0 1px 0 rgba(0,0,0,0.5),0 1px 10px 0 rgba(0,0,0,0.15); margin: 1px; max-width: 658px; padding: 0; width: calc(100% - 2px);\" data-instgrm-version=\"7\">\n<div style=\"padding: 8px;\">\n<div style=\"background: #F8F8F8; line-height: 0; margin-top: 40px; padding: 50.0% 0; text-align: center; width: 100%;\"><\/div>\n<p><a style=\"color: #c9c8cd; font-family: Arial,sans-serif; font-size: 14px; font-style: normal; font-weight: normal; line-height: 17px; text-decoration: none;\" href=\"https:\/\/www.instagram.com\/p\/BTehHe4lxsE\/\" target=\"_blank\" rel=\"noopener\">Ein Beitrag geteilt von ?Z ksi\u0105\u017ck\u0105 u boku? (@anna.czar)<\/a> am <time style=\"font-family: Arial,sans-serif; font-size: 14px; line-height: 17px;\" datetime=\"2017-04-29T16:59:20+00:00\">29. Apr 2017 um 9:59 Uhr<\/time><\/p>\n<\/div>\n<\/blockquote>\n<p><script src=\"\/\/platform.instagram.com\/en_US\/embeds.js\" async=\"\" defer=\"defer\"><\/script><\/p>\n<blockquote class=\"instagram-media\" style=\"background: #FFF; border: 0; border-radius: 3px; box-shadow: 0 0 1px 0 rgba(0,0,0,0.5),0 1px 10px 0 rgba(0,0,0,0.15); margin: 1px; max-width: 658px; padding: 0; width: calc(100% - 2px);\" data-instgrm-version=\"7\">\n<div style=\"padding: 8px;\">\n<div style=\"background: #F8F8F8; line-height: 0; margin-top: 40px; padding: 55.87962962962963% 0; text-align: center; width: 100%;\"><\/div>\n<p style=\"color: #c9c8cd; font-family: Arial,sans-serif; font-size: 14px; line-height: 17px; margin-bottom: 0; margin-top: 8px; overflow: hidden; padding: 8px 0 7px; text-align: center; text-overflow: ellipsis; white-space: nowrap;\"><a style=\"color: #c9c8cd; font-family: Arial,sans-serif; font-size: 14px; font-style: normal; font-weight: normal; line-height: 17px; text-decoration: none;\" href=\"https:\/\/www.instagram.com\/p\/BS6FHLIDb7z\/\" target=\"_blank\" rel=\"noopener\">Ein Beitrag geteilt von Dominika (@donka.reads)<\/a> am <time style=\"font-family: Arial,sans-serif; font-size: 14px; line-height: 17px;\" datetime=\"2017-04-15T13:21:58+00:00\">15. Apr 2017 um 6:21 Uhr<\/time><\/p>\n<\/div>\n<\/blockquote>\n<p><script src=\"\/\/platform.instagram.com\/en_US\/embeds.js\" async=\"\" defer=\"defer\"><\/script><\/p>\n<blockquote class=\"instagram-media\" style=\"background: #FFF; border: 0; border-radius: 3px; box-shadow: 0 0 1px 0 rgba(0,0,0,0.5),0 1px 10px 0 rgba(0,0,0,0.15); margin: 1px; max-width: 658px; padding: 0; width: calc(100% - 2px);\" data-instgrm-version=\"7\">\n<div style=\"padding: 8px;\">\n<div style=\"background: #F8F8F8; line-height: 0; margin-top: 40px; padding: 54.67592592592593% 0; text-align: center; width: 100%;\"><\/div>\n<p><a style=\"color: #c9c8cd; font-family: Arial,sans-serif; font-size: 14px; font-style: normal; font-weight: normal; line-height: 17px; text-decoration: none;\" href=\"https:\/\/www.instagram.com\/p\/BS35dmTFY82\/\" target=\"_blank\" rel=\"noopener\">Ein Beitrag geteilt von Paula (@ksiazkanawsi)<\/a> am <time style=\"font-family: Arial,sans-serif; font-size: 14px; line-height: 17px;\" datetime=\"2017-04-14T17:01:41+00:00\">14. Apr 2017 um 10:01 Uhr<\/time><\/p>\n<\/div>\n<\/blockquote>\n<p><script src=\"\/\/platform.instagram.com\/en_US\/embeds.js\" async=\"\" defer=\"defer\"><\/script><\/p>\n<p><iframe loading=\"lazy\" style=\"border: none; overflow: hidden;\" src=\"https:\/\/www.facebook.com\/plugins\/post.php?href=https%3A%2F%2Fwww.facebook.com%2Frude.recenzuje%2Fposts%2F1192733417504513&amp;width=500\" width=\"500\" height=\"557\" frameborder=\"0\" scrolling=\"no\"><\/iframe><\/p>\n<p><iframe loading=\"lazy\" style=\"border: none; overflow: hidden;\" src=\"https:\/\/www.facebook.com\/plugins\/post.php?href=https%3A%2F%2Fwww.facebook.com%2Fwydawnictwo.initium%2Fposts%2F1424013021006720%3A0&amp;width=500\" width=\"500\" height=\"696\" frameborder=\"0\" scrolling=\"no\"><\/iframe><\/p>\n<p><iframe loading=\"lazy\" style=\"border: none; overflow: hidden;\" src=\"https:\/\/www.facebook.com\/plugins\/post.php?href=https%3A%2F%2Fwww.facebook.com%2Fbooklips%2Fposts%2F1319710091448113&amp;width=500\" width=\"500\" height=\"511\" frameborder=\"0\" scrolling=\"no\"><\/iframe><\/p>\n<blockquote class=\"instagram-media\" style=\"background: #FFF; border: 0; border-radius: 3px; box-shadow: 0 0 1px 0 rgba(0,0,0,0.5),0 1px 10px 0 rgba(0,0,0,0.15); margin: 1px; max-width: 658px; padding: 0; width: calc(100% - 2px);\" data-instgrm-version=\"7\">\n<div style=\"padding: 8px;\">\n<div style=\"background: #F8F8F8; line-height: 0; margin-top: 40px; padding: 50.0% 0; text-align: center; width: 100%;\"><\/div>\n<p style=\"color: #c9c8cd; font-family: Arial,sans-serif; font-size: 14px; line-height: 17px; margin-bottom: 0; margin-top: 8px; overflow: hidden; padding: 8px 0 7px; text-align: center; text-overflow: ellipsis; white-space: nowrap;\"><a style=\"color: #c9c8cd; font-family: Arial,sans-serif; font-size: 14px; font-style: normal; font-weight: normal; line-height: 17px; text-decoration: none;\" href=\"https:\/\/www.instagram.com\/p\/BUC_hYDjfKd\/\" target=\"_blank\" rel=\"noopener\">Ein Beitrag geteilt von [ Ada ] (@adrianna_olczak)<\/a> am <time style=\"font-family: Arial,sans-serif; font-size: 14px; line-height: 17px;\" datetime=\"2017-05-13T20:57:40+00:00\">13. Mai 2017 um 13:57 Uhr<\/time><\/p>\n<\/div>\n<\/blockquote>\n<p><script src=\"\/\/platform.instagram.com\/en_US\/embeds.js\" async=\"\" defer=\"defer\"><\/script><\/p>\n<blockquote class=\"instagram-media\" style=\"background: #FFF; border: 0; border-radius: 3px; box-shadow: 0 0 1px 0 rgba(0,0,0,0.5),0 1px 10px 0 rgba(0,0,0,0.15); margin: 1px; max-width: 658px; padding: 0; width: calc(100% - 2px);\" data-instgrm-version=\"7\">\n<div style=\"padding: 8px;\">\n<div style=\"background: #F8F8F8; line-height: 0; margin-top: 40px; padding: 50.0% 0; text-align: center; width: 100%;\"><\/div>\n<p><a style=\"color: #c9c8cd; font-family: Arial,sans-serif; font-size: 14px; font-style: normal; font-weight: normal; line-height: 17px; text-decoration: none;\" href=\"https:\/\/www.instagram.com\/p\/BUE8KR7B7tl\/\" target=\"_blank\" rel=\"noopener\">Ein Beitrag geteilt von Magda (@smelloflibrary)<\/a> am <time style=\"font-family: Arial,sans-serif; font-size: 14px; line-height: 17px;\" datetime=\"2017-05-14T15:06:47+00:00\">14. Mai 2017 um 8:06 Uhr<\/time><\/p>\n<\/div>\n<\/blockquote>\n<p><script src=\"\/\/platform.instagram.com\/en_US\/embeds.js\" async=\"\" defer=\"defer\"><\/script><\/p>\n<blockquote class=\"instagram-media\" style=\"background: #FFF; border: 0; border-radius: 3px; box-shadow: 0 0 1px 0 rgba(0,0,0,0.5),0 1px 10px 0 rgba(0,0,0,0.15); margin: 1px; max-width: 658px; padding: 0; width: calc(100% - 2px);\" data-instgrm-version=\"7\">\n<div style=\"padding: 8px;\">\n<div style=\"background: #F8F8F8; line-height: 0; margin-top: 40px; padding: 50.0% 0; text-align: center; width: 100%;\"><\/div>\n<p style=\"color: #c9c8cd; font-family: Arial,sans-serif; font-size: 14px; line-height: 17px; margin-bottom: 0; margin-top: 8px; overflow: hidden; padding: 8px 0 7px; text-align: center; text-overflow: ellipsis; white-space: nowrap;\"><a style=\"color: #c9c8cd; font-family: Arial,sans-serif; font-size: 14px; font-style: normal; font-weight: normal; line-height: 17px; text-decoration: none;\" href=\"https:\/\/www.instagram.com\/p\/BTwSImEgBHJ\/\" target=\"_blank\" rel=\"noopener\">Ein Beitrag geteilt von Gosia Trzebiatowska (@jutrzenka_77)<\/a> am <time style=\"font-family: Arial,sans-serif; font-size: 14px; line-height: 17px;\" datetime=\"2017-05-06T14:34:44+00:00\">6. Mai 2017 um 7:34 Uhr<\/time><\/p>\n<\/div>\n<\/blockquote>\n<p><script src=\"\/\/platform.instagram.com\/en_US\/embeds.js\" async=\"\" defer=\"defer\"><\/script><\/p>\n<blockquote class=\"instagram-media\" style=\"background: #FFF; border: 0; border-radius: 3px; box-shadow: 0 0 1px 0 rgba(0,0,0,0.5),0 1px 10px 0 rgba(0,0,0,0.15); margin: 1px; max-width: 658px; padding: 0; width: calc(100% - 2px);\" data-instgrm-version=\"7\">\n<div style=\"padding: 8px;\">\n<div style=\"background: #F8F8F8; line-height: 0; margin-top: 40px; padding: 62.5% 0; text-align: center; width: 100%;\"><\/div>\n<p><a style=\"color: #c9c8cd; font-family: Arial,sans-serif; font-size: 14px; font-style: normal; font-weight: normal; line-height: 17px; text-decoration: none;\" href=\"https:\/\/www.instagram.com\/p\/BUFZxafAgQg\/\" target=\"_blank\" rel=\"noopener\">Ein Beitrag geteilt von Magdalena Turek (@magdalenaczytazkotami)<\/a> am <time style=\"font-family: Arial,sans-serif; font-size: 14px; line-height: 17px;\" datetime=\"2017-05-14T19:25:32+00:00\">14. Mai 2017 um 12:25 Uhr<\/time><\/p>\n<\/div>\n<\/blockquote>\n<p><script src=\"\/\/platform.instagram.com\/en_US\/embeds.js\" async=\"\" defer=\"defer\"><\/script><\/p>\n<blockquote class=\"instagram-media\" style=\"background: #FFF; border: 0; border-radius: 3px; box-shadow: 0 0 1px 0 rgba(0,0,0,0.5),0 1px 10px 0 rgba(0,0,0,0.15); margin: 1px; max-width: 658px; padding: 0; width: calc(100% - 2px);\" data-instgrm-version=\"7\">\n<div style=\"padding: 8px;\">\n<div style=\"background: #F8F8F8; line-height: 0; margin-top: 40px; padding: 50.0% 0; text-align: center; width: 100%;\"><\/div>\n<p><a style=\"color: #c9c8cd; font-family: Arial,sans-serif; font-size: 14px; font-style: normal; font-weight: normal; line-height: 17px; text-decoration: none;\" href=\"https:\/\/www.instagram.com\/p\/BUAF45hF9xs\/\" target=\"_blank\" rel=\"noopener\">Ein Beitrag geteilt von Monia ? 29 yo ? Warsaw (@onalubi)<\/a> am <time style=\"font-family: Arial,sans-serif; font-size: 14px; line-height: 17px;\" datetime=\"2017-05-12T17:55:35+00:00\">12. Mai 2017 um 10:55 Uhr<\/time><\/p>\n<\/div>\n<\/blockquote>\n<p><script src=\"\/\/platform.instagram.com\/en_US\/embeds.js\" async=\"\" defer=\"defer\"><\/script><\/p>\n<blockquote class=\"instagram-media\" style=\"background: #FFF; border: 0; border-radius: 3px; box-shadow: 0 0 1px 0 rgba(0,0,0,0.5),0 1px 10px 0 rgba(0,0,0,0.15); margin: 1px; max-width: 658px; padding: 0; width: calc(100% - 2px);\" data-instgrm-version=\"7\">\n<div style=\"padding: 8px;\">\n<div style=\"background: #F8F8F8; line-height: 0; margin-top: 40px; padding: 62.5% 0; text-align: center; width: 100%;\"><\/div>\n<p style=\"color: #c9c8cd; font-family: Arial,sans-serif; font-size: 14px; line-height: 17px; margin-bottom: 0; margin-top: 8px; overflow: hidden; padding: 8px 0 7px; text-align: center; text-overflow: ellipsis; white-space: nowrap;\"><a style=\"color: #c9c8cd; font-family: Arial,sans-serif; font-size: 14px; font-style: normal; font-weight: normal; line-height: 17px; text-decoration: none;\" href=\"https:\/\/www.instagram.com\/p\/BUH1usclUrG\/\" target=\"_blank\" rel=\"noopener\">Ein Beitrag geteilt von Hi I&#8217;m Marta (@kryminalnakuchnia)<\/a> am <time style=\"font-family: Arial,sans-serif; font-size: 14px; line-height: 17px;\" datetime=\"2017-05-15T18:08:18+00:00\">15. Mai 2017 um 11:08 Uhr<\/time><\/p>\n<\/div>\n<\/blockquote>\n","protected":false},"excerpt":{"rendered":"<p>die polnische Ausgabe von DIE ZELLE Initium (Verlag) &nbsp; &nbsp; &nbsp; &nbsp; &nbsp; &nbsp; &nbsp; &nbsp; &nbsp; &nbsp; &nbsp; &nbsp; Rezensionen \/ Artikel (polnisch) http:\/\/kasiulaczyta.blogspot.de\/2017\/06\/cela-jonas-winner.html http:\/\/bookendorfina.blogspot.de\/2017\/05\/cela-jonas-winner.html https:\/\/marudzenie.pl\/jonas-winner-cela-recenzja\/ http:\/\/od-deski-do-deski.blogspot.de\/2017\/05\/cela-jonas-winner.html http:\/\/pisanyinaczej.blogspot.de\/2017\/05\/agnieszka-minika-polak-slad.html http:\/\/blondynkagotuje.blogspot.de\/2017\/05\/cela-jonas-winner.html http:\/\/hrosskar.blogspot.de\/2017\/05\/cela.html http:\/\/duzeka.pl\/catalog_more\/id\/2638\/cela\/cela http:\/\/janedoe.blox.pl\/2017\/05\/Cela-Jonas-Winner.html http:\/\/nieprzeszkadzac-czytam.blogspot.de\/2017\/05\/cela.html http:\/\/www.ruderecenzuje.pl\/2017\/04\/cela.html https:\/\/naszksiazkowir.blogspot.de\/2017\/05\/jonas-winner-cela.html http:\/\/mojabooktopia.blogspot.de\/2017\/07\/cela-jonas-winner.html http:\/\/samotnia1981.blox.pl\/2017\/05\/Jonas-Winner-CELA.html http:\/\/donkareads.blogspot.de\/2017\/04\/jonas-winner-cela.html http:\/\/ksiazki.onet.pl\/berlinski-mrok-jonas-winner-cela-recenzja\/5pn2y2 http:\/\/ksiazki.onet.pl\/dzisiaj-premiera-thrillera-cela-autorstwa-jonasa-winnera\/eck6hf http:\/\/nietypowerecenzje.blogspot.de\/2017\/04\/recenzja-przedpremierowa-cela-jonas.html http:\/\/wilkksiazkowy.blogspot.de\/2017\/04\/jonas-winner-cela.html http:\/\/aleksiazka.blogspot.de\/2017\/05\/recenzja-jonas-winner-cela-wydawnictwo.html http:\/\/niezapomniany-czas-czyli-o-ksiazkach.blogspot.de\/2017\/04\/cela.html http:\/\/twojakultura.pl\/cela http:\/\/czytambolubieo.blogspot.de\/2017\/04\/cela-przedpremierowo.html http:\/\/ksiazkanawsi.blogspot.de\/2017\/04\/jonas-winner-cela.html http:\/\/markietanka-mojeksiazki.blogspot.de\/2017\/04\/cela-jonas-winner.html http:\/\/pisanyinaczej.blogspot.de\/2017\/04\/jonas-winner-cela.html http:\/\/ksiazki-milki.blogspot.de\/2017\/04\/przedpremierowo-cela-jonas-winner.html http:\/\/smelloflibrary.blog.pl\/2017\/05\/16\/cela-jonas-winner\/ http:\/\/www.portalkryminalny.pl\/content\/view\/7744\/ https:\/\/wasilka-slowajakmarzenia.blogspot.de\/2017\/04\/zapis-zblizajacego-sie-obedu-czyli.html http:\/\/ksiazka-od-kuchni.blogspot.de\/2017\/04\/cela-jonas-winner.html [&hellip;]<\/p>\n","protected":false},"author":1,"featured_media":0,"parent":0,"menu_order":0,"comment_status":"closed","ping_status":"closed","template":"","meta":{"footnotes":""},"_links":{"self":[{"href":"https:\/\/jonaswinner.com\/index.php?rest_route=\/wp\/v2\/pages\/4076"}],"collection":[{"href":"https:\/\/jonaswinner.com\/index.php?rest_route=\/wp\/v2\/pages"}],"about":[{"href":"https:\/\/jonaswinner.com\/index.php?rest_route=\/wp\/v2\/types\/page"}],"author":[{"embeddable":true,"href":"https:\/\/jonaswinner.com\/index.php?rest_route=\/wp\/v2\/users\/1"}],"replies":[{"embeddable":true,"href":"https:\/\/jonaswinner.com\/index.php?rest_route=%2Fwp%2Fv2%2Fcomments&post=4076"}],"version-history":[{"count":26,"href":"https:\/\/jonaswinner.com\/index.php?rest_route=\/wp\/v2\/pages\/4076\/revisions"}],"predecessor-version":[{"id":4663,"href":"https:\/\/jonaswinner.com\/index.php?rest_route=\/wp\/v2\/pages\/4076\/revisions\/4663"}],"wp:attachment":[{"href":"https:\/\/jonaswinner.com\/index.php?rest_route=%2Fwp%2Fv2%2Fmedia&parent=4076"}],"curies":[{"name":"wp","href":"https:\/\/api.w.org\/{rel}","templated":true}]}}