{"id":2932,"date":"2013-11-10T00:48:54","date_gmt":"2013-11-09T23:48:54","guid":{"rendered":"http:\/\/jonaswinner.com\/?page_id=2932"},"modified":"2015-09-15T18:12:38","modified_gmt":"2015-09-15T16:12:38","slug":"das-gedankenexperiment","status":"publish","type":"page","link":"https:\/\/jonaswinner.com\/?page_id=2932","title":{"rendered":"Das Gedankenexperiment"},"content":{"rendered":"<p><a href=\"https:\/\/jonaswinner.com\/wp-content\/uploads\/2013\/11\/28105-5_winner-gedankenexperiment.jpg\"><img loading=\"lazy\" decoding=\"async\" class=\"alignleft  wp-image-2911\" title=\"28105-5_winner-gedankenexperiment\" src=\"https:\/\/jonaswinner.com\/wp-content\/uploads\/2013\/11\/28105-5_winner-gedankenexperiment.jpg\" alt=\"\" width=\"292\" height=\"480\" srcset=\"https:\/\/jonaswinner.com\/wp-content\/uploads\/2013\/11\/28105-5_winner-gedankenexperiment.jpg 487w, https:\/\/jonaswinner.com\/wp-content\/uploads\/2013\/11\/28105-5_winner-gedankenexperiment-182x300.jpg 182w\" sizes=\"(max-width: 292px) 100vw, 292px\" \/><\/a><\/p>\n<p><a href=\"http:\/\/www.amazon.de\/Das-Gedankenexperiment-Roman-Jonas-Winner-ebook\/dp\/B00GJBJ9A6\/\">bei amazon<\/a><\/p>\n<p><a href=\"http:\/\/www.droemer-knaur.de\/buch\/7925070\/das-gedankenexperiment\">bei Droemer Knaur<\/a><\/p>\n<p><a href=\"https:\/\/itunes.apple.com\/de\/book\/das-gedankenexperiment\/id740330049\">bei iTunes<\/a><\/p>\n<p><a href=\"http:\/\/www.lovelybooks.de\/autor\/Jonas-Winner\/Das-Gedankenexperiment-1064841175-t\/\">bei lovelybooks<\/a><\/p>\n<p>&nbsp;<\/p>\n<p><span style=\"text-decoration: underline;\">Zum Inhalt:<\/span><\/p>\n<p>Karl Borchert, ein aufstrebender Philosoph, erlebt kurz vor seinem drei\u00dfigsten Geburtstag eine herbe Entt\u00e4uschung: Das Projekt, mit dem er sich endg\u00fcltig eine feste Position in der Wissenschaft sichern wollte, wird abgelehnt. Von einem Moment zum anderen steht der ehrgeizige junge Mann vor dem Nichts. Da kommt es ihm sehr gelegen, dass der hinf\u00e4llige alte Professor Leonard Habich ihm anbietet, sein Privatsekret\u00e4r zu werden. Habich will endlich ein bahnbrechendes Werk zum Abschluss bringen, an dem er seit Jahrzehnten arbeitet. Doch \u00fcber dieses Vorhaben selbst schweigt er sich aus, und als Karl auf Schloss Urquardt, Habichs einsamem, verfallendem Wohnsitz unweit von Berlin, eintrifft, geschehen von Anfang an merkw\u00fcrdige Dinge. Auch Lara, Habichs verf\u00fchrerische junge Frau, verwirrt Karl zusehends die Sinne &#8230;<\/p>\n<p>&nbsp;<\/p>\n<p><strong>Droemer<\/strong><br \/>\n400 Seiten<br \/>\nHardcover und eBook<br \/>\nErscheinungstermin: 1. und 2. April 2014<br \/>\nISBN: 978-3-426-28105-5<\/p>\n<p>&nbsp;<\/p>\n<p>auch erschienen in der Reihe <a href=\"http:\/\/shop.zeit.de\/sortiment\/buecher-und-e-books\/zeit-editionen\/2210\/zeit-edition-wissenschaftskrimis\">ZEIT WISSENSCHAFTSKRIMIS<\/a>:<\/p>\n<p><a href=\"https:\/\/jonaswinner.com\/wp-content\/uploads\/2015\/04\/6541_Wissenschaftskrimis-Winner.jpg\"><img loading=\"lazy\" decoding=\"async\" class=\"wp-image-3227 alignnone\" title=\"6541_Wissenschaftskrimis-Winner\" src=\"https:\/\/jonaswinner.com\/wp-content\/uploads\/2015\/04\/6541_Wissenschaftskrimis-Winner-845x1024.jpg\" alt=\"\" width=\"304\" height=\"368\" srcset=\"https:\/\/jonaswinner.com\/wp-content\/uploads\/2015\/04\/6541_Wissenschaftskrimis-Winner-845x1024.jpg 845w, https:\/\/jonaswinner.com\/wp-content\/uploads\/2015\/04\/6541_Wissenschaftskrimis-Winner-247x300.jpg 247w, https:\/\/jonaswinner.com\/wp-content\/uploads\/2015\/04\/6541_Wissenschaftskrimis-Winner.jpg 1879w\" sizes=\"(max-width: 304px) 100vw, 304px\" \/><\/a><\/p>\n","protected":false},"excerpt":{"rendered":"<p>bei amazon bei Droemer Knaur bei iTunes bei lovelybooks &nbsp; Zum Inhalt: Karl Borchert, ein aufstrebender Philosoph, erlebt kurz vor seinem drei\u00dfigsten Geburtstag eine herbe Entt\u00e4uschung: Das Projekt, mit dem er sich endg\u00fcltig eine feste Position in der Wissenschaft sichern wollte, wird abgelehnt. Von einem Moment zum anderen steht der ehrgeizige junge Mann vor dem [&hellip;]<\/p>\n","protected":false},"author":1,"featured_media":0,"parent":0,"menu_order":0,"comment_status":"open","ping_status":"open","template":"","meta":{"footnotes":""},"_links":{"self":[{"href":"https:\/\/jonaswinner.com\/index.php?rest_route=\/wp\/v2\/pages\/2932"}],"collection":[{"href":"https:\/\/jonaswinner.com\/index.php?rest_route=\/wp\/v2\/pages"}],"about":[{"href":"https:\/\/jonaswinner.com\/index.php?rest_route=\/wp\/v2\/types\/page"}],"author":[{"embeddable":true,"href":"https:\/\/jonaswinner.com\/index.php?rest_route=\/wp\/v2\/users\/1"}],"replies":[{"embeddable":true,"href":"https:\/\/jonaswinner.com\/index.php?rest_route=%2Fwp%2Fv2%2Fcomments&post=2932"}],"version-history":[{"count":9,"href":"https:\/\/jonaswinner.com\/index.php?rest_route=\/wp\/v2\/pages\/2932\/revisions"}],"predecessor-version":[{"id":2938,"href":"https:\/\/jonaswinner.com\/index.php?rest_route=\/wp\/v2\/pages\/2932\/revisions\/2938"}],"wp:attachment":[{"href":"https:\/\/jonaswinner.com\/index.php?rest_route=%2Fwp%2Fv2%2Fmedia&parent=2932"}],"curies":[{"name":"wp","href":"https:\/\/api.w.org\/{rel}","templated":true}]}}