{"id":2590,"date":"2013-05-28T16:13:35","date_gmt":"2013-05-28T14:13:35","guid":{"rendered":"http:\/\/jonaswinner.com\/?page_id=2590"},"modified":"2013-05-28T16:13:35","modified_gmt":"2013-05-28T14:13:35","slug":"widmung-berlin-gothic-taschenbuch","status":"publish","type":"page","link":"https:\/\/jonaswinner.com\/?page_id=2590","title":{"rendered":"Widmung Berlin Gothic Taschenbuch"},"content":{"rendered":"<p>Danke!<\/p>\n<p><em>Berlin Gothic<\/em> ist urspr\u00fcnglich von August 2011 bis Juni 2012 als siebenb\u00e4ndige E-Book-Reihe erschienen. W\u00e4hrend die ersten B\u00e4nde bereits ver\u00f6ffentlich waren, habe ich an den letzten \u2013 ziemlich fieberhaft \u00fcbrigens \u2013 noch geschrieben. Das hat den Roman mit Sicherheit gepr\u00e4gt.<\/p>\n<p>Als erstes m\u00f6chte ich Anne Middelhoek daf\u00fcr danken, dass er jeden Band vor Ver\u00f6ffentlichung ausf\u00fchrlich mit mir besprochen hat. Ferner m\u00f6chte ich Hans-Peter \u00dcbleis, Peter Hammans und Johannes Engelke, sowie Patricia Ke\u00dfler und Noomi Rohrbach f\u00fcr die gro\u00dfartige Betreuung bei Droemer Knaur danken, ebenso meinem Agenten Harry Olechnowitz, mit dem ich alle Belange dieses Experiments immer offen besprechen konnte. Au\u00dferdem m\u00f6chte ich Numi Teusch und Penelope Winner daf\u00fcr danken, dass sie nie aufgeh\u00f6rt haben, das Vorhaben zu unterst\u00fctzen.<br \/>\nUnd schlie\u00dflich m\u00f6chte ich all jenen danken, die dabei waren, als ich praktisch nicht mehr aus meinem Arbeitszimmer herausgekommen bin, weil ich wie besessen davon war, diese Geschichte innerhalb des angek\u00fcndigten Zeitrahmens zu Ende zu erz\u00e4hlen. Denjenigen, die die Erstver\u00f6ffentlichung von <em>Berlin Gothic<\/em> mit Mails, Posts, Tweets, Rezensionen und Kommentaren aktiv begleitet haben. Euer Zuspruch, die Begeisterung und die Anteilnahme waren einfach toll! Jedem Autor, der mit einem Text k\u00e4mpft, kann ich das nur w\u00fcnschen. Deshalb m\u00f6chte ich Euch das Buch widmen:<\/p>\n<p>Angelika O., Ingo R., Melanie K., Claudia P., Stephanie R., Heide C., Petra K., Hans-J\u00fcrgen C., Harry K., Dietmar S., Angelika S., Johannes P O., Miriam D., Maria Carmela K., Lydia S., Chris K., Franziska B., Max H., Kyra C., Tom B., Liane L., Sebastian B., Ren\u00e9 W., Claudia T., Jan K., Ke Le, Sandy S., Kerstin F., Martha F., Leander W., Gaylord A., Hilke-Gesa B., Uwe F., Claudia P.-D., Marc P., Roland S., Ansgar B., Mandy M., Julia B., Michael H., Dietmar J., Marion D., Bianca H., Markus H., Heike T., Sabi N., Eva W., Renate A., Joachim M., Natalie S., Yam\u00e4s R. S., Maria Z., Rainer L., Nunu Na, Uwe L., Jay Cee, Melanie M., Elfrun K., Katja M., Sandra Z., Joanna M., Helmut R., Karin M., Corvus Semimortuus Genesis, Sandra R., Erin W., Johnny B. Redr\u00f6m, Michael K., Jeannette J., Claudia S., Juergen M., Felix P., Salina F., Nic Pe, Bettina W., Andreas A., Anne H., Felicitas M., Alexandra B., Thomas S., Norbert S., Stephanie F., Frank W., Helga T., Christian S., Ute K., Stefanie R., Michael B., J\u00fcrgen K., Alois F., Hubert K., Simone S., Franziska S., Cindy W., Egon B., Jessica K., Helmut K., Monika K., Markus G., Henryette S., Manuela M., Brigitte B., Jennifer Sch., Micha Mc B., Bernadette H., Benjamin H., Elke V., Carmen V., Thomas M., Benjamin H., Ni Zi, Romina L., Florian K., Melanie S., Bianca B., Dirk J., Beccy Nur B., Markus B., Cornelia P., Sina Bin Ich, Gerd W., Is&#8217;n Witz Oder, Daniel F., H. Manfredowitsch, Miriam K., Kerstin I., Elke M., Silke L., Cosi Ma D., Heiko B., Stefan E., Angelika W., Ka Ro, Sandra L., Johannes G., De Storem\u00f6nsch, Vanessa R., Thomas H., Holger G., Lee L., Marko S., Claudi G., Ralph B., Michael K., G\u00f6tz R., Yvonnsche E., Karen R., Michael J., Jens R., Jean De W., Peter T., Axel St., Anja W.-J., Martin G., Silke B., Thomas W., Michaela M., Julia K., Corinna M., Mortem Custos, Torsten K., Frank B., Markus F., Markus T., Jes Si, Anja S.,\u00a0 Julia B.-von B., Gordon M., Heike B., Renate Th., Philipp K., Ralph Th., Thomas B., Till Moepert, Thorsten D., Peter B., Rupert M., Sophia H., Marcel B., Matthias S., Dana K., Anja M., Claudia S., Sandra N., Jenny Lee S., Irene L., Martin H., Anderl R., Katja Sch., Anke F., Cora S., Patrick R., Rene Z., Diane G., Andrea O., Simon Lukas S., Corina von Oben-Herab, R\u00fcdiger E., Jens H., Veronika H., Sabine H., Xander Morus, Tom H., Thorben M., Karin B., Yvo K., Olga O., Sabine H., Annika U., Daniel W., Heike K., Joerg F., Barney K., Rp K., Christian B., Marco P., Ewald G., Torsten W., Oliver R., Philo C., Richard N., Kit, Alice K., Paul M., DavidGr14870366, literaturjour, umbrellabros, yovisto, ZwirblerRoman, grastisbuch, masterhare, leselink, wir_lesen, Smugacienia, FrankM., maganius, MatthiasZ., AffToolsTips, kayst., followeleboo, qbinmedia, RenateH., MartinaG., Gerlasi, nebelwanderer, s_meury, _NeneLovesBooks, ebokks, jrhernandez_org, SIVerlag, DuftDoppelpunkt, Stories, IrmaOndra, KKrause1990, Buecher_Wiki_2, forumzukunft, fraulaube, ComputerWissen, Ausgehandelt, gerhard222, LiteraryWalk, AndreasR., justii67, axelh., zellintelligenz, aKaren_autorin, SWestend, _XinXii, Alexandra71, hanna_hm, pommersche, SeinUndWerden, DarkPoets, rolfvonm., ana_S., schriftart, buzzaldrinsblog, TM20_de, HeikeK., eBookSonar, fiftyfiftyblog, ZeitRauber, ThrillerKiller1, leselust, e_book_news, comm_cationista, HeresLynx, virenschleuder, Mareike H., buchfieber, Krimilady, krimiblogger, Thariot, serpensz, sarianas, Ivyesque, KrimiKiosk, eLiterati_de, ebookmarketingz, BBAndMore, Michael L., MopedDriver, Jan27K, Andre_W., zochiii, MagistraFaust, BorisMaggioni, Andreas P., Marc_M., Amaro B., Regenu V., Phoebe H., Daniel Daniel, m_cz, 1QUrsu, jochenjochen, mmatting, Teipudon, seanwriter67, PagePlace_de, Patrick N., Emily B., buechermonster, divingcoffee, KnaurVerlag, emuatberlin, jazzecho, Prinz_Rupi, rundumkiel, Helmut_P., Ebookgemeinde, MartinH., rolfst., Irrenazt, darktom, Anik H., Frank M., kamerapaul, Xieldan, Floris, josef.e., pe.b., thaysenf., fmthiele., lehmann.b., Polly-W., alex, alexander.sch., thilo.r., markus.fr., Gernot.H., tweety.d., corinnast., best.driver, k.guger, peters-m.,\u00a0 k.unterthiner, jens.w., tj_sch., chrisb., thomas.l., LeonieP., tom.p, sillesw., ley.,\u00a0 loef., weg. simone, shildebr., aileen.e, peter.ch.m., nc-br., axel.m., dagmar.s, markus_s., dietlindp., r-grz., christian.g.b, mark, e.schwarz, Izzi, Dieter H., Alfred H., anke frank, Iassm., Daniel W., Caludia S., vheimbuch, Tobias L., Barbara M., @koeller_koeln, Andreas P., Taetowierter, Uschi H., Uwe K., J\u00f6rn-Uwe Dr., Karin M\u00fcller, Heike, Kai E., Bj\u00f6rn Schreiber, Gunnar M., Guido B., Isabella B., abraxas, Franziska E., Andrea \u00d6., Peter St., Roland K., Uwe Ridinger, Cecile E., Maria K., S\u00f6ren K., K. Reinbold, hellclimber, Philipp B., Leuneam Remeark, Sven Matthias, R. Uebelh\u00f6de, buchreport, D. Lenz, O. Zille, Daniel Gr., K. K\u00f6cher, David Gray, Harry O., Ina F., Veronika B., Werner Sch., Stefan M., Sebastian H., Ileana G., Mirjam H., E. Hartmann-Wolff, Edwin M., Gabriella P.F., Jeff B., Renate W., Matthias W., Peter A., Anselm M., Werner W., J. Klingelh\u00f6fer, Miriam H., Johanna K., Daniela P., Gisella P., Christian, Viola, Jonas, Monika, Chrissy, Jay F. Kay, Linda, Anja, Teipu, Jasmin, Hakan, Azraelle, Tom, Noldolus, Sandra N., Caro, Matthias S., Pageturner, Berni, Peter Z., Klaus M., Destiny, Peter Hostmaster26, Fank H., !Undercover, B. Samantha, Thomas R., Katzenpfad Nokzeit, J\u00f6rg Eichholz, Tom S., Frau Iffi, Sophia H., Heide M., Cora S., Karin M., Uwe R., sterntaler, Jens, Walter, S. Heil, HPeter, Georg M., M. Bieski, Nicole K., Melanie S., Offene TB, Johannes G., Silke L., Julia N., Mark B., Angi K., Silke B., Nathalie F.-M., Louis Z., Karin M., Lydia Z., Egon B., Jennifer S., Daniel S., Caroline B., X-reader, ASR Gmbh, Thrillme, Skirad, webmaster und SEO, chris, Salina F., Sylvia R., Natalie, Melanie K., Maria C. K., Chris Karlden, Cyrus\/\\Virus, Blackanni, Bettina M., Johannes C., EvelynAutsch, A. Pf\u00f6rtner, Toby, Me R., Sabine H., Bianca H., Dietmar S., Caroline B., Jana C., Guth P., Silke B., Elke V., Yvonne E., Oliver R., Silke W., Melanie M., Martha F., Claudia F.D., Christoph R., Nicky Ta, Jasmin K., Petzi, atarijunge, Stefan B., Aant T. Nhi. Part II, Oliver W., Ann-Kathrin Sch., Marco Sk., Kiki I., Marion Sch., Martin R. R., Ulrich Sch., Dennis R., Andreas M., Bri MI, Sabrina J., Birte A.d.B., Katharina B., Bianca H., Tanja S., Stefan L., Stefan E., Verena S.,\u00a0 Nina F., Nadine K., Ebulon W., Dunja Maria A.-G., Thomas Kr., Ieasy Sch., Goran L., Regina M., Nicole N., Manfred R., Daniel Sch., Harvey N., Markus H., Oliver M., Anne J., Kurt H., Razorblade Gran Torino, Ka Ti, Mirjana R., Kay St., Jassy P., Nadja T., Ute S., Simone St., Rigna Folk St., Dubba J., Mareike M., Heike B., Miriam G., Angelika K., Angela S.-D., Nina G., J\u00fcrgen F. K., Marcel Z., Miracle B., Dagmar M., Jana Ch., Be Rit, Heike H., Rebecca L. Z. J., Sascha B., Monika B., Eva D., Frank H., Kathrin W., Hui Buh, Thomas L., Hannjo R., Martin S., Anja K., Melanie F., Monika R., Nadine K. (wenn ich jemanden vergessen habe, bzw. wenn jemand nicht oder anders genannt werden will: bitte an jonas@jonaswinner.de mailen \u2026 )<\/p>\n","protected":false},"excerpt":{"rendered":"<p>Danke! Berlin Gothic ist urspr\u00fcnglich von August 2011 bis Juni 2012 als siebenb\u00e4ndige E-Book-Reihe erschienen. W\u00e4hrend die ersten B\u00e4nde bereits ver\u00f6ffentlich waren, habe ich an den letzten \u2013 ziemlich fieberhaft \u00fcbrigens \u2013 noch geschrieben. Das hat den Roman mit Sicherheit gepr\u00e4gt. Als erstes m\u00f6chte ich Anne Middelhoek daf\u00fcr danken, dass er jeden Band vor Ver\u00f6ffentlichung [&hellip;]<\/p>\n","protected":false},"author":1,"featured_media":0,"parent":0,"menu_order":0,"comment_status":"open","ping_status":"open","template":"","meta":{"footnotes":""},"_links":{"self":[{"href":"https:\/\/jonaswinner.com\/index.php?rest_route=\/wp\/v2\/pages\/2590"}],"collection":[{"href":"https:\/\/jonaswinner.com\/index.php?rest_route=\/wp\/v2\/pages"}],"about":[{"href":"https:\/\/jonaswinner.com\/index.php?rest_route=\/wp\/v2\/types\/page"}],"author":[{"embeddable":true,"href":"https:\/\/jonaswinner.com\/index.php?rest_route=\/wp\/v2\/users\/1"}],"replies":[{"embeddable":true,"href":"https:\/\/jonaswinner.com\/index.php?rest_route=%2Fwp%2Fv2%2Fcomments&post=2590"}],"version-history":[{"count":6,"href":"https:\/\/jonaswinner.com\/index.php?rest_route=\/wp\/v2\/pages\/2590\/revisions"}],"predecessor-version":[{"id":2623,"href":"https:\/\/jonaswinner.com\/index.php?rest_route=\/wp\/v2\/pages\/2590\/revisions\/2623"}],"wp:attachment":[{"href":"https:\/\/jonaswinner.com\/index.php?rest_route=%2Fwp%2Fv2%2Fmedia&parent=2590"}],"curies":[{"name":"wp","href":"https:\/\/api.w.org\/{rel}","templated":true}]}}