{"id":2492,"date":"2012-11-21T15:27:44","date_gmt":"2012-11-21T14:27:44","guid":{"rendered":"http:\/\/jonaswinner.com\/?page_id=2492"},"modified":"2013-06-07T10:14:34","modified_gmt":"2013-06-07T08:14:34","slug":"berlin-gothic-taschenbuch-deutsch","status":"publish","type":"page","link":"https:\/\/jonaswinner.com\/?page_id=2492","title":{"rendered":"Berlin Gothic (Taschenbuch \/ deutsch)"},"content":{"rendered":"<p><a href=\"https:\/\/jonaswinner.com\/wp-content\/uploads\/2012\/11\/Winner_Berlin-Gothic_Cover.jpg\"><img loading=\"lazy\" decoding=\"async\" class=\"alignleft  wp-image-2448\" title=\"Winner_Berlin Gothic_Cover\" src=\"https:\/\/jonaswinner.com\/wp-content\/uploads\/2012\/11\/Winner_Berlin-Gothic_Cover.jpg\" alt=\"\" width=\"232\" height=\"362\" srcset=\"https:\/\/jonaswinner.com\/wp-content\/uploads\/2012\/11\/Winner_Berlin-Gothic_Cover.jpg 450w, https:\/\/jonaswinner.com\/wp-content\/uploads\/2012\/11\/Winner_Berlin-Gothic_Cover-192x300.jpg 192w\" sizes=\"(max-width: 232px) 100vw, 232px\" \/><\/a><\/p>\n<p>alle B\u00e4nde 1-7 in einem gedruckten Taschenbuch<\/p>\n<p><a href=\"https:\/\/jonaswinner.com\/?page_id=2590\">WIDMUNG Berlin Gothic TB<\/a><\/p>\n<p><a href=\"http:\/\/www.amazon.de\/Berlin-Gothic-Thriller-Jonas-Winner\/dp\/3426513900\/\">amazon.de<\/a><\/p>\n<p><span style=\"text-decoration: underline;\">Inhalt<\/span><\/p>\n<p>Innerhalb k\u00fcrzester Zeit st\u00f6\u00dft Hauptkommissar Konstantin Butz im Untergrund Berlins auf drei verst\u00fcmmelte Frauenleichen, bei denen der T\u00e4ter mit unerbittlicher H\u00e4rte vorgegangen ist. Gleichzeitig am anderen Ende der Stadt: Butz\u2018 Freundin Claire, eine Fotografin, st\u00fcrzt sich in eine sexuelle Aff\u00e4re, die sie bald nicht mehr kontrollieren kann \u2026 Was ist es, das in den Winkeln und Ecken Berlins zu lauern scheint \u2013 fast wie ein Fluch? Die Antwort darauf liegt zw\u00f6lf Jahre zur\u00fcck, als der elfj\u00e4hrige Till aus einem Kinderheim flieht &#8230;<\/p>\n<p>Knaur Taschenbuch<br \/>\nSprache: Deutsch<br \/>\nISBN-10: 3426513900<br \/>\nISBN-13: 978-3426513903<\/p>\n<p>Erscheinungstermin: 3. Juni 2013<\/p>\n<p>&nbsp;<\/p>\n<p><span style=\"text-decoration: underline;\">Trailer zur H\u00f6rbuch-Ausgabe<\/span><\/p>\n<p><script type=\"text\/javascript\" src=\"http:\/\/z-ecx.images-amazon.com\/images\/G\/03\/AudibleDE\/de_DE\/inca\/js\/build\/trailer-gp-3468316632._V152196870_.js\"><\/script><\/p>\n<div id=\"player\" style=\"margin: 0 auto; width: 480;\"><\/div>\n<div id=\"link\" style=\"margin: 0 auto; width: 480px; text-align: center;\"><\/div>\n<p><script type=\"text\/javascript\">\/\/ <![CDATA[\n var params = {'movie': 'http:\/\/g-ecx.images-amazon.com\/images\/G\/03\/AudibleDE\/de_DE\/flash\/trailer-player._V153576781_.swf','name': 'mpl','quality': 'high','wmode': 'transparent','salign': 'TL','allowscriptaccess': 'always','allowfullscreen': 'true'}; var flashvars = {'dock': 'true','author': 'Audible','file': 'http:\/\/g-ecx.images-amazon.com\/images\/G\/03\/AudibleDE\/de_DE\/flash\/berlingothic.flv','image': 'https:\/\/images-na.ssl-images-amazon.com\/images\/I\/51WbgBYkq1L._SL600_.jpg','link': 'http:\/\/www.audible.de\/pd\/B00D2V60X0','title': 'Strong Poison','backcolor': '000000','frontcolor': 'EEEEEE','lightcolor': 'EEEEEE','screencolor': '000000','autostart': 'true','displayclick': 'link','icons': 'true','plugins': 'sharing-1','sharing.link': 'http:\/\/www.audible.de\/trailer\/berlingothic','sharing.code': embedCode }; var embedCode = adblmbd('B00D2V60X0', 'berlingothic', 'Berlin Gothic', 'http:\/\/g-ecx.images-amazon.com\/images\/G\/03\/AudibleDE\/de_DE\/flash\/berlingothic.flv', 'https:\/\/images-na.ssl-images-amazon.com\/images\/I\/51WbgBYkq1L._SL600_.jpg', 'http:\/\/www.audible.de\/pd\/B00D2V60X0', 'http:\/\/www.audible.de\/trailer\/berlingothic', 480, 360); swfobject.embedSWF(\"http:\/\/g-ecx.images-amazon.com\/images\/G\/03\/AudibleDE\/de_DE\/flash\/trailer-player._V153576781_.swf\", \"player\", \"480\", \"360\", \"9.0.0\", \"\", flashvars , params); \n\/\/ ]]><\/script><\/p>\n<p><a href=\"http:\/\/www.audible.de\/trailer\/berlingothic\/\">Hier kann man den Trailer sch\u00f6n gro\u00df sehen<\/a><\/p>\n<p><a href=\"http:\/\/www.audible.de\/pd\/B00D2V60X0\">Hier geht&#8217;s zur H\u00f6rbuch-Ausgabe<\/a><\/p>\n<p>&nbsp;<\/p>\n","protected":false},"excerpt":{"rendered":"<p>alle B\u00e4nde 1-7 in einem gedruckten Taschenbuch WIDMUNG Berlin Gothic TB amazon.de Inhalt Innerhalb k\u00fcrzester Zeit st\u00f6\u00dft Hauptkommissar Konstantin Butz im Untergrund Berlins auf drei verst\u00fcmmelte Frauenleichen, bei denen der T\u00e4ter mit unerbittlicher H\u00e4rte vorgegangen ist. Gleichzeitig am anderen Ende der Stadt: Butz\u2018 Freundin Claire, eine Fotografin, st\u00fcrzt sich in eine sexuelle Aff\u00e4re, die sie [&hellip;]<\/p>\n","protected":false},"author":1,"featured_media":0,"parent":0,"menu_order":0,"comment_status":"open","ping_status":"open","template":"","meta":{"footnotes":""},"_links":{"self":[{"href":"https:\/\/jonaswinner.com\/index.php?rest_route=\/wp\/v2\/pages\/2492"}],"collection":[{"href":"https:\/\/jonaswinner.com\/index.php?rest_route=\/wp\/v2\/pages"}],"about":[{"href":"https:\/\/jonaswinner.com\/index.php?rest_route=\/wp\/v2\/types\/page"}],"author":[{"embeddable":true,"href":"https:\/\/jonaswinner.com\/index.php?rest_route=\/wp\/v2\/users\/1"}],"replies":[{"embeddable":true,"href":"https:\/\/jonaswinner.com\/index.php?rest_route=%2Fwp%2Fv2%2Fcomments&post=2492"}],"version-history":[{"count":11,"href":"https:\/\/jonaswinner.com\/index.php?rest_route=\/wp\/v2\/pages\/2492\/revisions"}],"predecessor-version":[{"id":2507,"href":"https:\/\/jonaswinner.com\/index.php?rest_route=\/wp\/v2\/pages\/2492\/revisions\/2507"}],"wp:attachment":[{"href":"https:\/\/jonaswinner.com\/index.php?rest_route=%2Fwp%2Fv2%2Fmedia&parent=2492"}],"curies":[{"name":"wp","href":"https:\/\/api.w.org\/{rel}","templated":true}]}}