{"id":2455,"date":"2012-11-21T15:15:31","date_gmt":"2012-11-21T14:15:31","guid":{"rendered":"http:\/\/jonaswinner.com\/?page_id=2455"},"modified":"2016-01-15T10:34:55","modified_gmt":"2016-01-15T09:34:55","slug":"berlin-gothic-die-ausgaben","status":"publish","type":"page","link":"https:\/\/jonaswinner.com\/?page_id=2455","title":{"rendered":"Berlin Gothic &#8211; die Ausgaben"},"content":{"rendered":"<p>Alle Infos: bitte aufs jeweilige Titelblatt klicken!<\/p>\n<p><a href=\"https:\/\/jonaswinner.com\/?page_id=2731\" target=\"_blank\">BERLIN GOTHIC in der Presse &#8211; Auswahl von Links zu Artikeln, TV-Beitr\u00e4gen, Interviews etc.: HIER<\/a><\/p>\n<p>&nbsp;<\/p>\n<p><a href=\"https:\/\/jonaswinner.com\/?page_id=2492\" target=\"_blank\"><img loading=\"lazy\" decoding=\"async\" class=\"wp-image-2448 alignleft\" title=\"Winner_Berlin Gothic_Cover\" src=\"https:\/\/jonaswinner.com\/wp-content\/uploads\/2012\/11\/Winner_Berlin-Gothic_Cover.jpg\" alt=\"\" width=\"80\" height=\"125\" srcset=\"https:\/\/jonaswinner.com\/wp-content\/uploads\/2012\/11\/Winner_Berlin-Gothic_Cover.jpg 450w, https:\/\/jonaswinner.com\/wp-content\/uploads\/2012\/11\/Winner_Berlin-Gothic_Cover-192x300.jpg 192w\" sizes=\"(max-width: 80px) 100vw, 80px\" \/><\/a><a href=\"https:\/\/jonaswinner.com\/?page_id=2492\">Taschenbuch Ausgabe DEUTSCH<\/a><\/p>\n<p><a href=\"https:\/\/jonaswinner.com\/?page_id=2492\">(B\u00e4nde 1-7 komplett in einem gedruckten Buch)<\/a><\/p>\n<p>&nbsp;<\/p>\n<p>&nbsp;<\/p>\n<p>&nbsp;<\/p>\n<p><a href=\"https:\/\/jonaswinner.com\/?page_id=1033\"><img loading=\"lazy\" decoding=\"async\" class=\"alignleft\" title=\"BG1_master\" src=\"https:\/\/jonaswinner.com\/wp-content\/uploads\/2011\/09\/BG1_master1.jpg\" alt=\"\" width=\"80\" height=\"120\" \/><\/a><a href=\"https:\/\/jonaswinner.com\/?page_id=1033\">E-Book-Ausgabe (7 B\u00e4nde)<\/a><\/p>\n<p><a href=\"https:\/\/jonaswinner.com\/?page_id=1033\">DEUTSCH<\/a><\/p>\n<p><em><a href=\"https:\/\/jonaswinner.com\/?page_id=1033\"><br \/>\n<\/a><\/em><\/p>\n<p>&nbsp;<\/p>\n<p>&nbsp;<\/p>\n<p><a href=\"https:\/\/jonaswinner.com\/wp-content\/uploads\/2012\/11\/BG1-7_gro\u00df1.jpg\"><img loading=\"lazy\" decoding=\"async\" class=\"alignleft  wp-image-2965\" title=\"BG1-7_gro\u00df\" src=\"https:\/\/jonaswinner.com\/wp-content\/uploads\/2012\/11\/BG1-7_gro\u00df1.jpg\" alt=\"\" width=\"383\" height=\"78\" srcset=\"https:\/\/jonaswinner.com\/wp-content\/uploads\/2012\/11\/BG1-7_gro\u00df1.jpg 2082w, https:\/\/jonaswinner.com\/wp-content\/uploads\/2012\/11\/BG1-7_gro\u00df1-300x61.jpg 300w, https:\/\/jonaswinner.com\/wp-content\/uploads\/2012\/11\/BG1-7_gro\u00df1-1024x208.jpg 1024w\" sizes=\"(max-width: 383px) 100vw, 383px\" \/><\/a><\/p>\n<p>&nbsp;<\/p>\n<p>&nbsp;<\/p>\n<p>&nbsp;<\/p>\n<p>&nbsp;<\/p>\n<p><a href=\"https:\/\/jonaswinner.com\/?page_id=2403\"><img loading=\"lazy\" decoding=\"async\" class=\"alignleft\" title=\"cover gross\" src=\"https:\/\/jonaswinner.com\/wp-content\/uploads\/2012\/10\/cover-gross1.jpg\" alt=\"\" width=\"81\" height=\"122\" \/>USA Ausgabe 1. Band<\/a><\/p>\n<p><a href=\"https:\/\/jonaswinner.com\/?page_id=2403\">E-Book \/ Paperback \/ Audiobook <\/a><\/p>\n<p><a href=\"https:\/\/jonaswinner.com\/?page_id=2403\">ENGLISCH <\/a><\/p>\n<p><em><br \/>\n<\/em><\/p>\n<p>&nbsp;<\/p>\n<p><a href=\"https:\/\/jonaswinner.com\/wp-content\/uploads\/2014\/01\/JonasWinner_DoomedCity_BerlinGothic22-e1389172933778.jpg\"><img loading=\"lazy\" decoding=\"async\" class=\"alignleft  wp-image-2958\" title=\"Doomed City 200\" src=\"https:\/\/jonaswinner.com\/wp-content\/uploads\/2014\/01\/JonasWinner_DoomedCity_BerlinGothic22-e1389172933778.jpg\" alt=\"\" width=\"86\" height=\"129\" \/><\/a> <a href=\"https:\/\/jonaswinner.com\/?page_id=2403\">USA Ausgabe 2. Band<\/a><\/p>\n<p><a href=\"https:\/\/jonaswinner.com\/?page_id=2403\">E-Book \/ Paperback \/ Audiobook <\/a><\/p>\n<p><a href=\"https:\/\/jonaswinner.com\/?page_id=2403\">ENGLISCH <\/a><\/p>\n<p><em><br \/>\n<\/em><\/p>\n<p>&nbsp;<\/p>\n<p><img loading=\"lazy\" decoding=\"async\" class=\"alignleft\" title=\"5014\" src=\"https:\/\/jonaswinner.com\/wp-content\/uploads\/2014\/06\/50141-197x300.jpg\" alt=\"\" width=\"88\" height=\"131\" \/><a href=\"http:\/\/nakladatelstvi.hostbrno.cz\/nakladatelstvi\/pripravujeme\/5014\">Tschechische Ausgabe<\/a><\/p>\n<p>&nbsp;<\/p>\n<p>&nbsp;<\/p>\n<p>&nbsp;<\/p>\n<p>&nbsp;<\/p>\n<p><a href=\"https:\/\/jonaswinner.com\/?page_id=2492\"><img loading=\"lazy\" decoding=\"async\" class=\"wp-image-2669 alignleft\" title=\"BerlinGothicH\u00f6rbuch\" src=\"https:\/\/jonaswinner.com\/wp-content\/uploads\/2012\/11\/BerlinGothicH\u00f6rbuch.jpg\" alt=\"\" width=\"88\" height=\"88\" srcset=\"https:\/\/jonaswinner.com\/wp-content\/uploads\/2012\/11\/BerlinGothicH\u00f6rbuch.jpg 175w, https:\/\/jonaswinner.com\/wp-content\/uploads\/2012\/11\/BerlinGothicH\u00f6rbuch-150x150.jpg 150w\" sizes=\"(max-width: 88px) 100vw, 88px\" \/>H\u00d6RBUCH Ausgabe<\/a><\/p>\n<p><a href=\"https:\/\/jonaswinner.com\/?page_id=2492\">deutsch<\/a><\/p>\n<p><em><a href=\"https:\/\/jonaswinner.com\/?page_id=2492\"><br \/>\n<\/a><\/em><\/p>\n<p>&nbsp;<\/p>\n","protected":false},"excerpt":{"rendered":"<p>Alle Infos: bitte aufs jeweilige Titelblatt klicken! BERLIN GOTHIC in der Presse &#8211; Auswahl von Links zu Artikeln, TV-Beitr\u00e4gen, Interviews etc.: HIER &nbsp; Taschenbuch Ausgabe DEUTSCH (B\u00e4nde 1-7 komplett in einem gedruckten Buch) &nbsp; &nbsp; &nbsp; E-Book-Ausgabe (7 B\u00e4nde) DEUTSCH &nbsp; &nbsp; &nbsp; &nbsp; &nbsp; &nbsp; USA Ausgabe 1. Band E-Book \/ Paperback \/ Audiobook [&hellip;]<\/p>\n","protected":false},"author":1,"featured_media":0,"parent":0,"menu_order":0,"comment_status":"open","ping_status":"open","template":"","meta":{"footnotes":""},"_links":{"self":[{"href":"https:\/\/jonaswinner.com\/index.php?rest_route=\/wp\/v2\/pages\/2455"}],"collection":[{"href":"https:\/\/jonaswinner.com\/index.php?rest_route=\/wp\/v2\/pages"}],"about":[{"href":"https:\/\/jonaswinner.com\/index.php?rest_route=\/wp\/v2\/types\/page"}],"author":[{"embeddable":true,"href":"https:\/\/jonaswinner.com\/index.php?rest_route=\/wp\/v2\/users\/1"}],"replies":[{"embeddable":true,"href":"https:\/\/jonaswinner.com\/index.php?rest_route=%2Fwp%2Fv2%2Fcomments&post=2455"}],"version-history":[{"count":49,"href":"https:\/\/jonaswinner.com\/index.php?rest_route=\/wp\/v2\/pages\/2455\/revisions"}],"predecessor-version":[{"id":2490,"href":"https:\/\/jonaswinner.com\/index.php?rest_route=\/wp\/v2\/pages\/2455\/revisions\/2490"}],"wp:attachment":[{"href":"https:\/\/jonaswinner.com\/index.php?rest_route=%2Fwp%2Fv2%2Fmedia&parent=2455"}],"curies":[{"name":"wp","href":"https:\/\/api.w.org\/{rel}","templated":true}]}}