{"id":2071,"date":"2012-08-04T11:08:12","date_gmt":"2012-08-04T10:08:12","guid":{"rendered":"http:\/\/jonaswinner.com\/?page_id=2071"},"modified":"2012-09-24T20:53:15","modified_gmt":"2012-09-24T18:53:15","slug":"der-architekt","status":"publish","type":"page","link":"https:\/\/jonaswinner.com\/?page_id=2071","title":{"rendered":"Der Architekt"},"content":{"rendered":"<p><a href=\"https:\/\/jonaswinner.com\/wp-content\/uploads\/2012\/08\/architekt-cover.jpg\"><img loading=\"lazy\" decoding=\"async\" class=\"alignleft size-full wp-image-2064\" title=\"architekt cover\" src=\"https:\/\/jonaswinner.com\/wp-content\/uploads\/2012\/08\/architekt-cover.jpg\" alt=\"\" width=\"223\" height=\"330\" srcset=\"https:\/\/jonaswinner.com\/wp-content\/uploads\/2012\/08\/architekt-cover.jpg 371w, https:\/\/jonaswinner.com\/wp-content\/uploads\/2012\/08\/architekt-cover-202x300.jpg 202w\" sizes=\"(max-width: 223px) 100vw, 223px\" \/><\/a><a href=\"http:\/\/www.droemer-knaur.de\/autoren\/Jonas+Winner.7780138.html\">bei Amazon<\/a><\/p>\n<p><a href=\"http:\/\/www.droemer-knaur.de\/autoren\/Jonas+Winner.7780138.html\">bei Droemer Knaur<\/a><\/p>\n<p><a href=\"http:\/\/www.lovelybooks.de\/autor\/Jonas-Winner\/Der-Architekt-957734222-w\/\">bei lovely books<\/a><\/p>\n<p><span style=\"text-decoration: underline;\">Zum Inhalt:<\/span><\/p>\n<p>Ein aufsehenerregender Mordfall, eine Mediensensation: Der Berliner Stararchitekt Julian G\u00f6tz ist angeklagt, seine Frau und seine beiden kleinen T\u00f6chter ermordet zu haben. Alle Indizien deuten auf ihn als T\u00e4ter, doch er beschafft sich ein Alibi. Der junge Drehbuchautor und Journalist Ben Lindenberger wittert seine Chance, mit einem spektakul\u00e4ren Buch \u00fcber den Fall zu Bestseller-Ruhm zu gelangen, und stellt Nachforschungen an. Doch bald schon ist er nicht mehr Herr des Geschehens und ger\u00e4t in einen Sog aus Machtgier, Intrigen, dunklen Geheimnissen und Begierden.<\/p>\n<p><span style=\"text-decoration: underline;\"><strong>Interview zu &#8222;Der Architekt&#8220; auf &#8222;<a href=\"www.kindlepost.de\/2012\/09\/der-architekt-jonas-winner-im-interview.html\">amazon kindle post<\/a>&#8222;<\/strong><\/span><\/p>\n<p><strong>Herr Winner, Sie haben mit Ihrer <a title=\"Berlin Gothic\" href=\"http:\/\/www.amazon.de\/s\/ref=sr_st?__mk_de_DE=%C3%85M%C3%85Z%C3%95%C3%91&amp;qid=1347618119&amp;rh=n%3A530484031%2Cp_28%3ABerlin+Gothic&amp;sort=paidsalesrank\" target=\"_self\"><em>Berlin Gothic-<\/em>Reihe<\/a> enormen Erfolg gehabt. Jetzt ist Ihr neuer Thriller <a title=\"Der Architekt\" href=\"http:\/\/www.amazon.de\/Der-Architekt-Psychothriller-ebook\/dp\/B008B1TKVK\/ref=kin_post_de_os_09142012_Architekt\" target=\"_self\"><em>Der Architekt<\/em><\/a> erschienen. Worum geht es?<\/strong><br \/>\nZun\u00e4chst einmal um einen Mordprozess. Ein spektakul\u00e4rer Fall. Der etwas undurchsichtige Architekt Julian G\u00f6tz ist angeklagt, seine Frau und seine beiden T\u00f6chter ermordet zu haben. Die Indizien sind erdr\u00fcckend. Doch G\u00f6tz streitet die Tat vehement ab. Wir erleben den Prozess aus der Perspektive eines jungen Mannes mit, der es sich in den Kopf gesetzt hat, ein Buch \u00fcber den Mordprozess zu schreiben. Etwas, das man im Englischen auch \u201eTrue Crime\u201c nennt, also einen Bericht, in dem sehr genau alle Aspekte eines Mordfalls beschrieben werden. Vielleicht erinnert sich der ein oder andere noch an den O.J. Simpson Prozess zum Beispiel. Es kann einfach ungeheuer spannend sein, sich in das Geheimnis zu vertiefen, das ein ungekl\u00e4rter Mord darstellt. Und der junge Mann, Ben Lindenberger, um den es in dem Roman geht, verf\u00e4llt immer mehr dieser Faszination.<\/p>\n<p><strong>Haben Sie f\u00fcr den Roman ausgiebig recherchiert?<\/strong><br \/>\nJa. Ich bin mehrfach in das Berliner Kriminalgericht gegangen, in dem die gro\u00dfen Mordprozesse der Hauptstadt stattfinden. Die Verhandlungen sind \u2013 meistens \u2013 f\u00fcr Besucher zug\u00e4nglich. Es ist ein imposantes altes Geb\u00e4ude und eine unglaubliche Erfahrung, in den S\u00e4len mitzuerleben, wie Zeugen, Angeklagte, Opfer, Staatsanw\u00e4lte, Richter und Verteidiger darum ringen herauszubekommen, was z.B. in einer bestimmten Nacht passiert ist \u2013 und wer genau welche Schuld auf sich geladen hat. Oftmals geht es um Menschenleben und um Momente von extremer, gewaltiger Emotionalit\u00e4t \u2026<\/p>\n<p><strong>Wie sind Sie auf die Idee zu dem Buch gekommen?<\/strong><br \/>\nIch schreibe ja seit Jahren Krimis (auch f\u00fcrs Fernsehen) und mich hat schon immer die Frage bewegt, was es eigentlich ist, das uns an einem Krimi so fesselt. Die Antwort hat sicher mit dem R\u00e4tsel zu tun, das oft am Anfang eines Krimis steht &#8211; mit der Leiche. Was genau ist passiert, wie konnte es dazu kommen, wer hat das getan? Von diesem R\u00e4tsel geht eine Art Sog aus, der einen darauf brennen l\u00e4sst, die Wahrheit zu erfahren. Aber was, wenn dieses Interesse an der Wahrheit zur Besessenheit wird? Wenn es dazu f\u00fchrt, dass man in den Fall verwickelt wird &#8211; wenn man pl\u00f6tzlich entdecken muss, die gesicherte Position des Beobachters nicht l\u00e4nger innezuhaben, sondern SELBST mitten in dem Fall zu stecken?<\/p>\n<p><strong><a title=\"Der Architekt\" href=\"http:\/\/www.amazon.de\/Der-Architekt-Psychothriller-ebook\/dp\/B008B1TKVK\/ref=kin_post_de_os_09142012_Architekt\" target=\"_self\"><em>Der Architekt<\/em><\/a> ist also (anders als etwa der erste Band der \u201eBerlin Gothic\u201c Reihe) eine in sich abgeschlossene Geschichte?<\/strong><br \/>\nJa, der Roman beginnt mit einem R\u00e4tsel und am Ende des Buchs wird der Leser erfahren haben, was sich wirklich ereignet hat.<\/p>\n<p><strong>Und Berlin \u2013 spielt die Stadt wieder eine tragende Rolle?<\/strong><br \/>\nSchon, ja. Wie der Titel des Buchs ja sagt, geht es um einen Mann, der als Architekt sein Geld verdient, und zwar um jemanden, der sehr viel in Berlin gebaut hat. Manche w\u00fcrden sogar sagen, dass er der Stadt in den letzten 20, 30 Jahren seinen Stempel aufgedr\u00fcckt hat. Und was genau das hei\u00dft &#8211; das ist es, was unser Held, der den Mordprozess verfolgt, erst nach und nach in seiner vollen Bedeutung begreift.<\/p>\n<p><strong>K\u00f6nnen Sie schon etwas \u00fcber Ihre n\u00e4chsten Projekte sagen?<\/strong><br \/>\nIm Moment bin ich unter anderem mit der amerikanischen Ausgabe von \u201eBerlin Gothic\u201c besch\u00e4ftigt, die \u00dcbersetzung ist \u2013 wie ich finde \u2013 gro\u00dfartig geworden und ich freue mich sehr, dass die Reihe weltweit auf englisch erscheinen wird. Au\u00dferdem geht es mit der Verfilmung der Reihe voran, was mich zur Zeit ebenfalls auf Trab h\u00e4lt \u2026<\/p>\n<p><iframe loading=\"lazy\" src=\"http:\/\/www.youtube.com\/embed\/7ivXvx2KQIU\" frameborder=\"0\" width=\"460\" height=\"259\"><\/iframe><\/p>\n<p><iframe loading=\"lazy\" width=\"460\" height=\"259\" src=\"http:\/\/www.youtube.com\/embed\/BC4NVOl1_Oc?rel=0\" frameborder=\"0\" allowfullscreen><\/iframe><\/p>\n","protected":false},"excerpt":{"rendered":"<p>bei Amazon bei Droemer Knaur bei lovely books Zum Inhalt: Ein aufsehenerregender Mordfall, eine Mediensensation: Der Berliner Stararchitekt Julian G\u00f6tz ist angeklagt, seine Frau und seine beiden kleinen T\u00f6chter ermordet zu haben. Alle Indizien deuten auf ihn als T\u00e4ter, doch er beschafft sich ein Alibi. Der junge Drehbuchautor und Journalist Ben Lindenberger wittert seine Chance, [&hellip;]<\/p>\n","protected":false},"author":1,"featured_media":0,"parent":0,"menu_order":0,"comment_status":"open","ping_status":"open","template":"","meta":{"footnotes":""},"_links":{"self":[{"href":"https:\/\/jonaswinner.com\/index.php?rest_route=\/wp\/v2\/pages\/2071"}],"collection":[{"href":"https:\/\/jonaswinner.com\/index.php?rest_route=\/wp\/v2\/pages"}],"about":[{"href":"https:\/\/jonaswinner.com\/index.php?rest_route=\/wp\/v2\/types\/page"}],"author":[{"embeddable":true,"href":"https:\/\/jonaswinner.com\/index.php?rest_route=\/wp\/v2\/users\/1"}],"replies":[{"embeddable":true,"href":"https:\/\/jonaswinner.com\/index.php?rest_route=%2Fwp%2Fv2%2Fcomments&post=2071"}],"version-history":[{"count":6,"href":"https:\/\/jonaswinner.com\/index.php?rest_route=\/wp\/v2\/pages\/2071\/revisions"}],"predecessor-version":[{"id":2076,"href":"https:\/\/jonaswinner.com\/index.php?rest_route=\/wp\/v2\/pages\/2071\/revisions\/2076"}],"wp:attachment":[{"href":"https:\/\/jonaswinner.com\/index.php?rest_route=%2Fwp%2Fv2%2Fmedia&parent=2071"}],"curies":[{"name":"wp","href":"https:\/\/api.w.org\/{rel}","templated":true}]}}