{"id":1856,"date":"2012-06-20T08:30:23","date_gmt":"2012-06-20T07:30:23","guid":{"rendered":"http:\/\/jonaswinner.com\/?page_id=1856"},"modified":"2012-06-21T10:36:40","modified_gmt":"2012-06-21T09:36:40","slug":"berlin-gothic-7-gottmaschine","status":"publish","type":"page","link":"https:\/\/jonaswinner.com\/?page_id=1856","title":{"rendered":"Berlin Gothic 7: &#8222;Gottmaschine&#8220;"},"content":{"rendered":"<p><a href=\"https:\/\/jonaswinner.com\/wp-content\/uploads\/2012\/06\/BG7_master.jpg\"><img loading=\"lazy\" decoding=\"async\" class=\"alignleft size-full wp-image-1857\" title=\"BG7_master\" src=\"https:\/\/jonaswinner.com\/wp-content\/uploads\/2012\/06\/BG7_master.jpg\" alt=\"\" width=\"204\" height=\"305\" srcset=\"https:\/\/jonaswinner.com\/wp-content\/uploads\/2012\/06\/BG7_master.jpg 566w, https:\/\/jonaswinner.com\/wp-content\/uploads\/2012\/06\/BG7_master-200x300.jpg 200w\" sizes=\"(max-width: 204px) 100vw, 204px\" \/><\/a><a href=\"http:\/\/www.amazon.de\/Berlin-Gothic-Gottmaschine-Thriller-ebook\/dp\/B008CPX4VC\/\">amazon<\/a><\/p>\n<p><a href=\"http:\/\/www.facebook.com\/pages\/Jonas-Winner\/140189889411066\">Facebook<\/a><\/p>\n<p><a href=\"http:\/\/www.lovelybooks.de\/autor\/Jonas-Winner\/\">Lovelybooks<\/a> \/ <a href=\"http:\/\/www.goodreads.com\/author\/show\/4639450.Jonas_Winner\">Goodreads<\/a><\/p>\n<p>itunes \/ <a href=\"https:\/\/jonaswinner.com\/?page_id=1033#unique-identifier1\">weitere shops<\/a><\/p>\n<p><a href=\"http:\/\/www.amazon.de\/Berlin-Gothic-Gottmaschine-Thriller-ebook\/dp\/B008CPX4VC\/#reader_B008CPX4VC\">Leseprobe<\/a><\/p>\n<p><span style=\"text-decoration: underline;\">Inhalt:<\/span><\/p>\n<p>Zwei Jahre sind vergangen, Till hat Berlin vor\u00fcbergehend verlassen. Lisas neuer Chef dr\u00e4ngt sie dazu, den Kontakt zu von Quitzow zu suchen, von dem er sich Vorteile f\u00fcr sein eigenes Unternehmen verspricht. Felix wirkt verschlossen und warnt Lisa davor, ihm zu nahe zu kommen. Aber sie sp\u00fcrt, dass sie sich seinem Einfluss vielleicht nicht mehr entziehen kann. Eine Erkenntnis, die Lisa zugleich erschreckt und seltsam fesselt &#8230;<\/p>\n<p>Berlin Gothic 7<\/p>\n<p>DER LETZTE BAND DER REIHE!<\/p>\n<p><em>Eine Originalausgabe der Berlin Gothic Media \u2013 Juni 2012<br \/>\n<\/em><\/p>\n<p><strong>ISBN 978-3-943542-13-4 (mobi\/kindle)<\/strong><\/p>\n<p><strong>ISBN 978-3-943542-14-1 (ePUB)<\/strong><\/p>\n<p><span style=\"color: #ffffff;\">*<\/span><\/p>\n<p><strong><a href=\"https:\/\/jonaswinner.com\/wp-content\/uploads\/2011\/09\/BG1-7_gro\u00df.jpg\"><img loading=\"lazy\" decoding=\"async\" class=\"size-full wp-image-1873 alignnone\" title=\"BG1-7_gro\u00df\" src=\"https:\/\/jonaswinner.com\/wp-content\/uploads\/2011\/09\/BG1-7_gro\u00df.jpg\" alt=\"\" width=\"449\" height=\"91\" srcset=\"https:\/\/jonaswinner.com\/wp-content\/uploads\/2011\/09\/BG1-7_gro\u00df.jpg 2082w, https:\/\/jonaswinner.com\/wp-content\/uploads\/2011\/09\/BG1-7_gro\u00df-300x61.jpg 300w, https:\/\/jonaswinner.com\/wp-content\/uploads\/2011\/09\/BG1-7_gro\u00df-1024x208.jpg 1024w\" sizes=\"(max-width: 449px) 100vw, 449px\" \/><\/a><br \/>\n<\/strong><\/p>\n<p><span style=\"color: #ffffff;\"> <\/span><\/p>\n<p><a href=\"https:\/\/jonaswinner.com\/?page_id=1033\"><strong>Berlin Gothic \u2013 ein Thriller in sieben B\u00e4nden<\/strong><\/a><\/p>\n<p><a href=\"https:\/\/jonaswinner.com\/?page_id=1080\">Berlin Gothic 1: \u201cBerlin Gothic\u201d<\/a>: <a href=\"http:\/\/www.amazon.de\/Berlin-Gothic-Thriller-ebook\/dp\/B005JJDUJ0\/ref=sr_1_5?s=books&amp;ie=UTF8&amp;qid=1314601665&amp;sr=1-5\">amazon<\/a> \u2013 <a href=\"https:\/\/jonaswinner.com\/?page_id=1080\">Infos<\/a> \u2013 <a href=\"http:\/\/de-de.facebook.com\/pages\/Berlin-Gothic\/162059733872913\">Facebook<\/a><\/p>\n<p><a href=\"https:\/\/jonaswinner.com\/?page_id=1093\">Berlin Gothic 2: \u201cDie versteckte Stadt\u201d<\/a>: <a href=\"http:\/\/www.amazon.de\/Die-versteckte-Stadt-Thriller-ebook\/dp\/B005OVCVZW\/\">amazon<\/a> \u2013 <a href=\"https:\/\/jonaswinner.com\/?page_id=1093\">Infos<\/a> \u2013 <a href=\"http:\/\/www.facebook.com\/pages\/Jonas-Winner\/140189889411066\">Facebook<\/a><\/p>\n<p><a href=\"https:\/\/jonaswinner.com\/?page_id=1367\">Berlin Gothic 3: \u201cXavers Ende\u201d<\/a>: <a href=\"http:\/\/www.amazon.de\/Berlin-Gothic-Xavers-Thriller-ebook\/dp\/B00624EYC8\/\">amazon<\/a> \u2013 <a href=\"https:\/\/jonaswinner.com\/?page_id=1367\">Infos<\/a> \u2013 <a href=\"http:\/\/www.facebook.com\/pages\/Jonas-Winner\/140189889411066\">Facebook<\/a><em><br \/>\n<\/em><\/p>\n<p><a href=\"https:\/\/jonaswinner.com\/?page_id=1531\">Berlin Gothic 4: \u201cDer versteckte Wille\u201d<\/a>: <a href=\"http:\/\/www.amazon.de\/Berlin-Gothic-versteckte-Thriller-ebook\/dp\/B006NZEC8C\">amazon<\/a> \u2013 <a href=\"https:\/\/jonaswinner.com\/?page_id=1531\">Infos<\/a> \u2013 <a href=\"http:\/\/www.facebook.com\/pages\/Jonas-Winner\/140189889411066\">Facebook<\/a><\/p>\n<p style=\"text-align: left;\"><a href=\"https:\/\/jonaswinner.com\/?page_id=1591\">Berlin Gothic 5: \u201cNachts bei Max&#8220;<em> <\/em><\/a>: <a href=\"http:\/\/www.amazon.de\/Berlin-Gothic-Nachts-bei-ebook\/dp\/B0075OUFSG\/\">amazon<\/a> \u2013 <a href=\"https:\/\/jonaswinner.com\/?page_id=1591\">Infos<\/a> \u2013 <a href=\"http:\/\/www.facebook.com\/pages\/Jonas-Winner\/140189889411066\">Facebook<\/a><\/p>\n<p style=\"text-align: left;\"><a href=\"https:\/\/jonaswinner.com\/?page_id=1719\">Berlin Gothic 6: &#8222;Die versteckte Bedeutung&#8220;<\/a>: <a href=\"http:\/\/www.amazon.de\/Berlin-Gothic-versteckte-Bedeutung-ebook\/dp\/B007NLSIQ2\/\">amazon<\/a> \u2013 <a href=\"https:\/\/jonaswinner.com\/?page_id=1719\">Infos<\/a> \u2013 <a href=\"http:\/\/www.facebook.com\/pages\/Jonas-Winner\/140189889411066\">Fcbook<\/a><\/p>\n<p><em> <\/em><\/p>\n<p><a href=\"https:\/\/jonaswinner.com\/?page_id=1856\">Berlin Gothic 7:\u00a0 &#8222;Gottmaschine&#8220; (Abschluss)<\/a>: <a href=\"http:\/\/www.amazon.de\/Berlin-Gothic-Gottmaschine-Thriller-ebook\/dp\/B008CPX4VC\/\">amazon<\/a> &#8211; <a href=\"https:\/\/jonaswinner.com\/?page_id=1856\">Infos<\/a> &#8211; <a href=\"http:\/\/www.facebook.com\/pages\/Jonas-Winner\/140189889411066\">Fcbook<\/a><\/p>\n","protected":false},"excerpt":{"rendered":"<p>amazon Facebook Lovelybooks \/ Goodreads itunes \/ weitere shops Leseprobe Inhalt: Zwei Jahre sind vergangen, Till hat Berlin vor\u00fcbergehend verlassen. Lisas neuer Chef dr\u00e4ngt sie dazu, den Kontakt zu von Quitzow zu suchen, von dem er sich Vorteile f\u00fcr sein eigenes Unternehmen verspricht. Felix wirkt verschlossen und warnt Lisa davor, ihm zu nahe zu kommen. [&hellip;]<\/p>\n","protected":false},"author":1,"featured_media":0,"parent":0,"menu_order":0,"comment_status":"open","ping_status":"open","template":"","meta":{"footnotes":""},"_links":{"self":[{"href":"https:\/\/jonaswinner.com\/index.php?rest_route=\/wp\/v2\/pages\/1856"}],"collection":[{"href":"https:\/\/jonaswinner.com\/index.php?rest_route=\/wp\/v2\/pages"}],"about":[{"href":"https:\/\/jonaswinner.com\/index.php?rest_route=\/wp\/v2\/types\/page"}],"author":[{"embeddable":true,"href":"https:\/\/jonaswinner.com\/index.php?rest_route=\/wp\/v2\/users\/1"}],"replies":[{"embeddable":true,"href":"https:\/\/jonaswinner.com\/index.php?rest_route=%2Fwp%2Fv2%2Fcomments&post=1856"}],"version-history":[{"count":22,"href":"https:\/\/jonaswinner.com\/index.php?rest_route=\/wp\/v2\/pages\/1856\/revisions"}],"predecessor-version":[{"id":1938,"href":"https:\/\/jonaswinner.com\/index.php?rest_route=\/wp\/v2\/pages\/1856\/revisions\/1938"}],"wp:attachment":[{"href":"https:\/\/jonaswinner.com\/index.php?rest_route=%2Fwp%2Fv2%2Fmedia&parent=1856"}],"curies":[{"name":"wp","href":"https:\/\/api.w.org\/{rel}","templated":true}]}}