{"id":1591,"date":"2012-02-05T10:06:27","date_gmt":"2012-02-05T09:06:27","guid":{"rendered":"http:\/\/jonaswinner.com\/?page_id=1591"},"modified":"2012-06-20T14:45:42","modified_gmt":"2012-06-20T13:45:42","slug":"berlin-gothic-5-nachts-bei-max","status":"publish","type":"page","link":"https:\/\/jonaswinner.com\/?page_id=1591","title":{"rendered":"Berlin Gothic 5: &#8222;Nachts bei Max&#8220;"},"content":{"rendered":"<p><a href=\"https:\/\/jonaswinner.com\/wp-content\/uploads\/2012\/02\/BG5_master.jpg\"><img loading=\"lazy\" decoding=\"async\" class=\"alignleft size-full wp-image-1581\" title=\"42-16992687\" src=\"https:\/\/jonaswinner.com\/wp-content\/uploads\/2012\/02\/BG5_master.jpg\" alt=\"\" width=\"177\" height=\"267\" srcset=\"https:\/\/jonaswinner.com\/wp-content\/uploads\/2012\/02\/BG5_master.jpg 681w, https:\/\/jonaswinner.com\/wp-content\/uploads\/2012\/02\/BG5_master-199x300.jpg 199w\" sizes=\"(max-width: 177px) 100vw, 177px\" \/><\/a><a href=\"http:\/\/www.amazon.de\/Berlin-Gothic-Nachts-bei-ebook\/dp\/B0075OUFSG\/\">amazon<\/a><\/p>\n<p><a href=\"http:\/\/www.facebook.com\/pages\/Jonas-Winner\/140189889411066\">Facebook<\/a><\/p>\n<p><a href=\"https:\/\/jonaswinner.com\/?page_id=1033#unique-identifier1\">weitere shops<\/a><\/p>\n<p><span style=\"text-decoration: underline;\">Inhalt:<\/span><\/p>\n<p>Was hat Felix, der Mann, mit dem Lisa Bentheim zusammenlebt, mit der Mordserie zu tun, der bereits drei Frauen zum Opfer gefallen sind? Was ist es, das im Untergrund unter der Stadt brodelt? Wer ist der Mann, der erst einen Hund erw\u00fcrgt und dann ein M\u00e4dchen im Kaufhaus anspricht? Was ist es, das in ihm w\u00fctet und ihn dazu antreibt, immer tiefer hineinzuleuchten in die nachtschwarzen Winkel seiner Seele?<\/p>\n<p>\u201eDu musst sie verlassen, Till. Du warst derjenige, der ihren Vater get\u00f6tet hat, der die T\u00fcr zugeworfen hat, der dem Mann praktisch selbst die Stirn eingerammt hat. Du wirst Lisa nicht ewig bel\u00fcgen k\u00f6nnen, Till, du wirst es ihr sagen m\u00fcssen!\u201c<\/p>\n<p><span style=\"color: #ffffff;\"> <\/span>Berlin Gothic 5 &#8211; der vorvorletzte Band der Reihe.<\/p>\n<p>\u201eNimm das weg, Mann, ich will das nicht sehen!\u201c<\/p>\n<p>\u201eSchau es dir doch erstmal an \u2026 siehst du \u2026 sch\u00f6n, oder? Komm schon, das kannst du jetzt nicht leugnen!\u201c<\/p>\n<p>\u201eLass mich in Ruhe, Quentin, das \u2026 es ist \u2026 NEIN, niemals, das ist doch Wahnsinn!\u201c<\/p>\n<p><em>Eine Originalausgabe der Berlin Gothic Media &#8211; Februar 2012<br \/>\n<\/em><\/p>\n<p>Berlin Gothic 5<\/p>\n<p><strong>ISBN 978-3-943542-09-7 (mobi\/kindle)<\/strong><\/p>\n<p><strong>ISBN 978-3-943542-10-3 (ePUB)<\/strong><\/p>\n<p><span style=\"color: #ffffff;\">*<\/span><\/p>\n<p><strong><a href=\"https:\/\/jonaswinner.com\/wp-content\/uploads\/2011\/09\/BG1-7_gro%C3%9F.jpg\"><img loading=\"lazy\" decoding=\"async\" title=\"BG1-7_gro\u00df\" src=\"https:\/\/jonaswinner.com\/wp-content\/uploads\/2011\/09\/BG1-7_gro%C3%9F.jpg\" alt=\"\" width=\"449\" height=\"91\" \/><\/a><br \/>\n<\/strong><\/p>\n<p><a href=\"https:\/\/jonaswinner.com\/?page_id=1033\"><strong>Berlin Gothic \u2013 ein Thriller in sieben B\u00e4nden<\/strong><\/a><\/p>\n<p><a href=\"https:\/\/jonaswinner.com\/?page_id=1080\">Berlin Gothic 1: \u201cBerlin Gothic\u201d<\/a>: <a href=\"http:\/\/www.amazon.de\/Berlin-Gothic-Thriller-ebook\/dp\/B005JJDUJ0\/ref=sr_1_5?s=books&amp;ie=UTF8&amp;qid=1314601665&amp;sr=1-5\">amazon<\/a> \u2013 <a href=\"https:\/\/jonaswinner.com\/?page_id=1080\">Infos<\/a> \u2013 <a href=\"http:\/\/de-de.facebook.com\/pages\/Berlin-Gothic\/162059733872913\">Facebook<\/a><\/p>\n<p><a href=\"https:\/\/jonaswinner.com\/?page_id=1093\">Berlin Gothic 2: \u201cDie versteckte Stadt\u201d<\/a>: <a href=\"http:\/\/www.amazon.de\/Die-versteckte-Stadt-Thriller-ebook\/dp\/B005OVCVZW\/\">amazon<\/a> \u2013 <a href=\"https:\/\/jonaswinner.com\/?page_id=1093\">Infos<\/a> \u2013 <a href=\"http:\/\/www.facebook.com\/pages\/Jonas-Winner\/140189889411066\">Facebook<\/a><\/p>\n<p><a href=\"https:\/\/jonaswinner.com\/?page_id=1367\">Berlin Gothic 3: \u201cXavers Ende\u201d<\/a>: <a href=\"http:\/\/www.amazon.de\/Berlin-Gothic-Xavers-Thriller-ebook\/dp\/B00624EYC8\/\">amazon<\/a> \u2013 <a href=\"https:\/\/jonaswinner.com\/?page_id=1367\">Infos<\/a> \u2013 <a href=\"http:\/\/www.facebook.com\/pages\/Jonas-Winner\/140189889411066\">Facebook<\/a><em><br \/>\n<\/em><\/p>\n<p><a href=\"https:\/\/jonaswinner.com\/?page_id=1531\">Berlin Gothic 4: \u201cDer versteckte Wille\u201d<\/a>: <a href=\"http:\/\/www.amazon.de\/Berlin-Gothic-versteckte-Thriller-ebook\/dp\/B006NZEC8C\">amazon<\/a> \u2013 <a href=\"https:\/\/jonaswinner.com\/?page_id=1531\">Infos<\/a> \u2013 <a href=\"http:\/\/www.facebook.com\/pages\/Jonas-Winner\/140189889411066\">Facebook<\/a><\/p>\n<p><a href=\"https:\/\/jonaswinner.com\/?page_id=1591\">Berlin Gothic 5: \u201cNachts bei Max\u201d<em> <\/em><\/a>: <a href=\"http:\/\/www.amazon.de\/Berlin-Gothic-Nachts-bei-ebook\/dp\/B0075OUFSG\/\">amazon<\/a> \u2013 <a href=\"https:\/\/jonaswinner.com\/?page_id=1591\">Infos<\/a> \u2013 <a href=\"http:\/\/www.facebook.com\/pages\/Jonas-Winner\/140189889411066\">Facebook<\/a><\/p>\n<p><a href=\"https:\/\/jonaswinner.com\/?page_id=1719\">Berlin Gothic 6: \u201cDie versteckte Bedeutung\u201d<\/a>: <a href=\"http:\/\/www.amazon.de\/Berlin-Gothic-versteckte-Bedeutung-ebook\/dp\/B007NLSIQ2\/\">amazon<\/a> \u2013 <a href=\"https:\/\/jonaswinner.com\/?page_id=1719\">Infos<\/a> \u2013 <a href=\"http:\/\/www.facebook.com\/pages\/Jonas-Winner\/140189889411066\">Fcbook<\/a><\/p>\n<p><em> <\/em><\/p>\n<p><a href=\"https:\/\/jonaswinner.com\/?page_id=1856\">Berlin Gothic 7:\u00a0 \u201cGottmaschine\u201d (Abschluss)<\/a>: <a href=\"http:\/\/www.amazon.de\/Berlin-Gothic-Gottmaschine-Thriller-ebook\/dp\/B008CPX4VC\/\">amazon<\/a> \u2013 <a href=\"https:\/\/jonaswinner.com\/?page_id=1856\">Infos<\/a> \u2013 <a href=\"http:\/\/www.facebook.com\/pages\/Jonas-Winner\/140189889411066\">Fcbook<\/a><\/p>\n","protected":false},"excerpt":{"rendered":"<p>amazon Facebook weitere shops Inhalt: Was hat Felix, der Mann, mit dem Lisa Bentheim zusammenlebt, mit der Mordserie zu tun, der bereits drei Frauen zum Opfer gefallen sind? Was ist es, das im Untergrund unter der Stadt brodelt? Wer ist der Mann, der erst einen Hund erw\u00fcrgt und dann ein M\u00e4dchen im Kaufhaus anspricht? Was [&hellip;]<\/p>\n","protected":false},"author":1,"featured_media":0,"parent":0,"menu_order":0,"comment_status":"open","ping_status":"open","template":"","meta":{"footnotes":""},"_links":{"self":[{"href":"https:\/\/jonaswinner.com\/index.php?rest_route=\/wp\/v2\/pages\/1591"}],"collection":[{"href":"https:\/\/jonaswinner.com\/index.php?rest_route=\/wp\/v2\/pages"}],"about":[{"href":"https:\/\/jonaswinner.com\/index.php?rest_route=\/wp\/v2\/types\/page"}],"author":[{"embeddable":true,"href":"https:\/\/jonaswinner.com\/index.php?rest_route=\/wp\/v2\/users\/1"}],"replies":[{"embeddable":true,"href":"https:\/\/jonaswinner.com\/index.php?rest_route=%2Fwp%2Fv2%2Fcomments&post=1591"}],"version-history":[{"count":13,"href":"https:\/\/jonaswinner.com\/index.php?rest_route=\/wp\/v2\/pages\/1591\/revisions"}],"predecessor-version":[{"id":1614,"href":"https:\/\/jonaswinner.com\/index.php?rest_route=\/wp\/v2\/pages\/1591\/revisions\/1614"}],"wp:attachment":[{"href":"https:\/\/jonaswinner.com\/index.php?rest_route=%2Fwp%2Fv2%2Fmedia&parent=1591"}],"curies":[{"name":"wp","href":"https:\/\/api.w.org\/{rel}","templated":true}]}}