{"id":1531,"date":"2011-12-19T22:53:51","date_gmt":"2011-12-19T21:53:51","guid":{"rendered":"http:\/\/jonaswinner.com\/?page_id=1531"},"modified":"2012-06-20T14:44:54","modified_gmt":"2012-06-20T13:44:54","slug":"berlin-gothic-4-der-versteckte-wille","status":"publish","type":"page","link":"https:\/\/jonaswinner.com\/?page_id=1531","title":{"rendered":"Berlin Gothic 4: &#8222;Der versteckte Wille&#8220;"},"content":{"rendered":"<p><a href=\"https:\/\/jonaswinner.com\/wp-content\/uploads\/2011\/12\/BG4_master1.jpg\"><img loading=\"lazy\" decoding=\"async\" class=\"alignleft size-full wp-image-1532\" title=\"BG4_master\" src=\"https:\/\/jonaswinner.com\/wp-content\/uploads\/2011\/12\/BG4_master1.jpg\" alt=\"\" width=\"163\" height=\"244\" srcset=\"https:\/\/jonaswinner.com\/wp-content\/uploads\/2011\/12\/BG4_master1.jpg 567w, https:\/\/jonaswinner.com\/wp-content\/uploads\/2011\/12\/BG4_master1-200x300.jpg 200w\" sizes=\"(max-width: 163px) 100vw, 163px\" \/><\/a><a href=\"http:\/\/www.amazon.de\/Berlin-Gothic-versteckte-Thriller-ebook\/dp\/B006NZEC8C\">amazon<\/a><\/p>\n<p><a href=\"http:\/\/www.facebook.com\/pages\/Jonas-Winner\/140189889411066\">Facebook<\/a><\/p>\n<p><a href=\"https:\/\/jonaswinner.com\/?page_id=1033#unique-identifier1\">weitere shops<\/a><\/p>\n<p><span style=\"text-decoration: underline;\">Inhalt:<\/span><\/p>\n<p>&#8222;Berlin Gothic&#8220;: Eine Stadt bricht aus den Fugen.<\/p>\n<p>Zehn Jahre sind vergangen. Max, Till und Lisa sind zu jungen Erwachsenen herangewachsen, die ihren Platz im Leben aber noch suchen: Lisa steht zwischen zwei M\u00e4nnern, Max wird von seinen D\u00e4monen gejagt und Till k\u00e4mpft um die Liebe seines Lebens &#8230;<\/p>\n<p>Bei der Hochzeit von Betty spitzen sich die Ereignisse zu &#8211; die zwei Jahre sp\u00e4ter in einer Mordserie explodieren werden.<\/p>\n<p>&#8222;Berlin Gothic&#8220;: Ein Thriller \u00fcber Gefahr und Verlockung, Vertrauen und T\u00e4uschung.<\/p>\n<p>Was ist es, das Xaver Bentheim gequ\u00e4lt hat? Was ist es, das im Untergrund unter der Stadt lauert? Was ist es, auf das Konstantin Butz bei seinen Ermittlungen st\u00f6\u00dft?<\/p>\n<p><em>Eine Originalausgabe der Berlin Gothic Media &#8211; Dezember 2011<br \/>\n<\/em><\/p>\n<p>Berlin Gothic 4<\/p>\n<p><strong>ISBN 978-3-943542-07-3 (mobi\/kindle)<\/strong><\/p>\n<p><strong>ISBN 978-3-943542-08-0 (ePUB)<\/strong><\/p>\n<p><strong><span style=\"color: #ffffff;\">*<\/span><br \/>\n<\/strong><\/p>\n<p><span style=\"color: #ffffff;\">**<\/span><strong><a href=\"https:\/\/jonaswinner.com\/wp-content\/uploads\/2011\/09\/BG1-7_gro%C3%9F.jpg\"><img loading=\"lazy\" decoding=\"async\" title=\"BG1-7_gro\u00df\" src=\"https:\/\/jonaswinner.com\/wp-content\/uploads\/2011\/09\/BG1-7_gro%C3%9F.jpg\" alt=\"\" width=\"449\" height=\"91\" \/><\/a><br \/>\n<\/strong><\/p>\n<p><a href=\"https:\/\/jonaswinner.com\/?page_id=1033\"><strong>Berlin Gothic \u2013 ein Thriller in sieben B\u00e4nden<\/strong><\/a><\/p>\n<p><a href=\"https:\/\/jonaswinner.com\/?page_id=1080\">Berlin Gothic 1: \u201cBerlin Gothic\u201d<\/a>: <a href=\"http:\/\/www.amazon.de\/Berlin-Gothic-Thriller-ebook\/dp\/B005JJDUJ0\/ref=sr_1_5?s=books&amp;ie=UTF8&amp;qid=1314601665&amp;sr=1-5\">amazon<\/a> \u2013 <a href=\"https:\/\/jonaswinner.com\/?page_id=1080\">Infos<\/a> \u2013 <a href=\"http:\/\/de-de.facebook.com\/pages\/Berlin-Gothic\/162059733872913\">Facebook<\/a><\/p>\n<p><a href=\"https:\/\/jonaswinner.com\/?page_id=1093\">Berlin Gothic 2: \u201cDie versteckte Stadt\u201d<\/a>: <a href=\"http:\/\/www.amazon.de\/Die-versteckte-Stadt-Thriller-ebook\/dp\/B005OVCVZW\/\">amazon<\/a> \u2013 <a href=\"https:\/\/jonaswinner.com\/?page_id=1093\">Infos<\/a> \u2013 <a href=\"http:\/\/www.facebook.com\/pages\/Jonas-Winner\/140189889411066\">Facebook<\/a><\/p>\n<p><a href=\"https:\/\/jonaswinner.com\/?page_id=1367\">Berlin Gothic 3: \u201cXavers Ende\u201d<\/a>: <a href=\"http:\/\/www.amazon.de\/Berlin-Gothic-Xavers-Thriller-ebook\/dp\/B00624EYC8\/\">amazon<\/a> \u2013 <a href=\"https:\/\/jonaswinner.com\/?page_id=1367\">Infos<\/a> \u2013 <a href=\"http:\/\/www.facebook.com\/pages\/Jonas-Winner\/140189889411066\">Facebook<\/a><em><br \/>\n<\/em><\/p>\n<p><a href=\"https:\/\/jonaswinner.com\/?page_id=1531\">Berlin Gothic 4: \u201cDer versteckte Wille\u201d<\/a>: <a href=\"http:\/\/www.amazon.de\/Berlin-Gothic-versteckte-Thriller-ebook\/dp\/B006NZEC8C\">amazon<\/a> \u2013 <a href=\"https:\/\/jonaswinner.com\/?page_id=1531\">Infos<\/a> \u2013 <a href=\"http:\/\/www.facebook.com\/pages\/Jonas-Winner\/140189889411066\">Facebook<\/a><\/p>\n<p><a href=\"https:\/\/jonaswinner.com\/?page_id=1591\">Berlin Gothic 5: \u201cNachts bei Max\u201d<em> <\/em><\/a>: <a href=\"http:\/\/www.amazon.de\/Berlin-Gothic-Nachts-bei-ebook\/dp\/B0075OUFSG\/\">amazon<\/a> \u2013 <a href=\"https:\/\/jonaswinner.com\/?page_id=1591\">Infos<\/a> \u2013 <a href=\"http:\/\/www.facebook.com\/pages\/Jonas-Winner\/140189889411066\">Facebook<\/a><\/p>\n<p><a href=\"https:\/\/jonaswinner.com\/?page_id=1719\">Berlin Gothic 6: \u201cDie versteckte Bedeutung\u201d<\/a>: <a href=\"http:\/\/www.amazon.de\/Berlin-Gothic-versteckte-Bedeutung-ebook\/dp\/B007NLSIQ2\/\">amazon<\/a> \u2013 <a href=\"https:\/\/jonaswinner.com\/?page_id=1719\">Infos<\/a> \u2013 <a href=\"http:\/\/www.facebook.com\/pages\/Jonas-Winner\/140189889411066\">Fcbook<\/a><\/p>\n<p><em> <\/em><\/p>\n<p><a href=\"https:\/\/jonaswinner.com\/?page_id=1856\">Berlin Gothic 7:\u00a0 \u201cGottmaschine\u201d (Abschluss)<\/a>: <a href=\"http:\/\/www.amazon.de\/Berlin-Gothic-Gottmaschine-Thriller-ebook\/dp\/B008CPX4VC\/\">amazon<\/a> \u2013 <a href=\"https:\/\/jonaswinner.com\/?page_id=1856\">Infos<\/a> \u2013 <a href=\"http:\/\/www.facebook.com\/pages\/Jonas-Winner\/140189889411066\">Fcbook<\/a><\/p>\n","protected":false},"excerpt":{"rendered":"<p>amazon Facebook weitere shops Inhalt: &#8222;Berlin Gothic&#8220;: Eine Stadt bricht aus den Fugen. Zehn Jahre sind vergangen. Max, Till und Lisa sind zu jungen Erwachsenen herangewachsen, die ihren Platz im Leben aber noch suchen: Lisa steht zwischen zwei M\u00e4nnern, Max wird von seinen D\u00e4monen gejagt und Till k\u00e4mpft um die Liebe seines Lebens &#8230; Bei [&hellip;]<\/p>\n","protected":false},"author":1,"featured_media":0,"parent":0,"menu_order":0,"comment_status":"open","ping_status":"open","template":"","meta":{"footnotes":""},"_links":{"self":[{"href":"https:\/\/jonaswinner.com\/index.php?rest_route=\/wp\/v2\/pages\/1531"}],"collection":[{"href":"https:\/\/jonaswinner.com\/index.php?rest_route=\/wp\/v2\/pages"}],"about":[{"href":"https:\/\/jonaswinner.com\/index.php?rest_route=\/wp\/v2\/types\/page"}],"author":[{"embeddable":true,"href":"https:\/\/jonaswinner.com\/index.php?rest_route=\/wp\/v2\/users\/1"}],"replies":[{"embeddable":true,"href":"https:\/\/jonaswinner.com\/index.php?rest_route=%2Fwp%2Fv2%2Fcomments&post=1531"}],"version-history":[{"count":13,"href":"https:\/\/jonaswinner.com\/index.php?rest_route=\/wp\/v2\/pages\/1531\/revisions"}],"predecessor-version":[{"id":1608,"href":"https:\/\/jonaswinner.com\/index.php?rest_route=\/wp\/v2\/pages\/1531\/revisions\/1608"}],"wp:attachment":[{"href":"https:\/\/jonaswinner.com\/index.php?rest_route=%2Fwp%2Fv2%2Fmedia&parent=1531"}],"curies":[{"name":"wp","href":"https:\/\/api.w.org\/{rel}","templated":true}]}}