{"id":1329,"date":"2011-10-15T14:31:50","date_gmt":"2011-10-15T13:31:50","guid":{"rendered":"http:\/\/jonaswinner.com\/?page_id=1329"},"modified":"2011-10-21T22:55:53","modified_gmt":"2011-10-21T21:55:53","slug":"focus-interview","status":"publish","type":"page","link":"https:\/\/jonaswinner.com\/?page_id=1329","title":{"rendered":"Focus Interview"},"content":{"rendered":"<p>Fragen von Matthias Matting an mich f\u00fcr den Artikel:<\/p>\n<p><a href=\"http:\/\/www.focus.de\/kultur\/buecher\/tid-23881\/neuer-trend-self-publishing-bestseller-ohne-verleger_aid_673299.html\">&#8222;Bestseller ohne Verleger &#8211; Neuer Trend self publishing&#8220;<\/a><\/p>\n<p>auf: Focus online, erschienen am 14. Oktober 2011<\/p>\n<p><strong>Was war denn der Beweggrund, es mit self publishing zu probieren?<\/strong><\/p>\n<p>Als ich zum ersten Mal davon geh\u00f6rt habe, konnte ich es kaum glauben: Niemand, der einem Vorschriften macht, niemand der lange \u00fcberlegen muss, ob er das Buch, das man geschrieben hat, gut findet oder nicht, niemand, der ein Jahr braucht, bevor er es herausbringen kann. Stattdessen die M\u00f6glichkeit, innerhalb von einer Stunde ein Buch zu ver\u00f6ffentlichen. Weltweit! Bei amazon, so dass gesichert ist, dass es auch wahrgenommen wird und gefunden werden kann. Au\u00dferdem wird die gesamte finanzielle Seite vom Anbieter abgewickelt und darauf geachtet, dass das Buch nicht ohne weiteres illegal vervielf\u00e4ltigt werden kann. Das waren f\u00fcr mich eine ganze Reihe von triftigen Gr\u00fcnden, es mit dem self publishing so schnell wie m\u00f6glich zu versuchen.<\/p>\n<p><strong>Hat es sich gelohnt?<\/strong><\/p>\n<p>Auf jeden Fall. Im Moment werden jeden Tag mehrere hundert B\u00e4nde meines Thrillers &#8222;Berlin Gothic&#8220; gekauft und bezahlt. Genauer gesagt werden nur elf andere B\u00fccher bei amazon \u00f6fter gekauft als mein Buch \u201eBerlin Gothic 1\u201c. Im kindle, wo \u201eBerlin Gothic 1\u201c seit Tagen auf dem ersten Platz steht, wird es \u00f6fter gekauft als jedes andere der 750.000 B\u00fccher, die dort angeboten werden. \u00d6fter als jeder andere Krimi oder Thriller. Ein unglaubliches Gef\u00fchl. Allein wegen des Feedbacks, das ich dadurch bekomme, hat sich das self publishing gelohnt &#8230;<\/p>\n<p><strong>Alter, T\u00e4tigkeit?<\/strong><\/p>\n<p>Ich bin 1966 geboren und habe nach dem Studium zun\u00e4chst \u00fcber zehn Jahre lang als Fernsehjournalist gearbeitet. Um 2000 herum habe ich angefangen, als Drehbuchautor zu arbeiten und Krimis f\u00fcr ZDF, Sat1, RTL etc. geschrieben. Erst ein paar Jahre sp\u00e4ter habe ich mit dem Schreiben von Romanen, von Thrillern begonnen. In diesem Jahr ist bei dtv \u201eDavids letzter Film\u201c erschienen, im n\u00e4chsten Jahr wird ein zweiter Roman bei dtv herauskommen. Kurz gesagt: ich bin Autor.<\/p>\n<p><strong>Was hat nichts gebracht, worauf kam es an?<\/strong><\/p>\n<p>Ich glaube, mehr als alles andere kommt es darauf an, ein gutes Buch vorzulegen. Ich kann nicht f\u00fcr Sachb\u00fccher sprechen, bei einem fiktionalen Text, bei einem Krimi aber kommt es darauf an, dass er spannend ist. Sonst wird niemand Lust haben, ihn zu lesen. Das klingt wahrscheinlich recht banal &#8211; aber es ist eben auch sehr schwierig, ein spannendes Buch zu schreiben.<\/p>\n<p><strong>Wird self publishing die Branche ver\u00e4ndern?<\/strong><\/p>\n<p>Ich denke schon, dass das E-Book und die M\u00f6glichkeiten des self publishing die Branche grundlegend ver\u00e4ndern werden. In den USA und England kann man das ja jetzt schon beobachten &#8211; und auch in Deutschland sind &#8211; soweit ich wei\u00df &#8211; alle, die sich damit besch\u00e4ftigen, davon \u00fcberzeugt, dass eine Revolution im Buchsektor bevorsteht bzw. sich gerade vollzieht.<\/p>\n<p>Mir scheint, dass man es sogar mit der Erfindung des Buchdrucks durch Gutenberg vergleichen kann: Auch VOR Gutenberg gab es bereits B\u00fccher, sie mussten nur per Hand geschrieben werden und waren deshalb unendlich viel teurer. So wie damals passiert jetzt etwas Vergleichbares: B\u00fccher werden wesentlich billiger &#8211; und sie lassen sich wesentlich einfacher vervielf\u00e4ltigen. Dadurch senkt sich die Schwelle, die neue Ideen \u00fcberwinden m\u00fcssen, um Verbreitung zu finden. Ich finde das gro\u00dfartig. Noch stehen wir ganz am Anfang, noch hat nicht jeder einen E-Reader. Wenn es so weit ist, werden ganz neue Gedanken und Vorstellungen den Weg zu den Lesern finden \u2026<\/p>\n<p><strong>Wird self publishing Ihr k\u00fcnftiges Publikationsverhalten ver\u00e4ndern?<\/strong><\/p>\n<p>Im Moment konzentriere ich mich vollkommen auf die noch ausstehenden f\u00fcnf B\u00e4nde meines Thriller-Serials \u201eBerlin Gothic\u201c, die bis Juni 2012 erscheinen werden. Was danach kommt, muss man mal abwarten. Das, was rund ums self publishing gerade passiert, ist jedenfalls ungeheuer aufregend!<\/p>\n<p><span style=\"color: #c0c0c0;\">(Auszug)<\/span><\/p>\n","protected":false},"excerpt":{"rendered":"<p>Fragen von Matthias Matting an mich f\u00fcr den Artikel: &#8222;Bestseller ohne Verleger &#8211; Neuer Trend self publishing&#8220; auf: Focus online, erschienen am 14. Oktober 2011 Was war denn der Beweggrund, es mit self publishing zu probieren? Als ich zum ersten Mal davon geh\u00f6rt habe, konnte ich es kaum glauben: Niemand, der einem Vorschriften macht, niemand [&hellip;]<\/p>\n","protected":false},"author":1,"featured_media":0,"parent":0,"menu_order":0,"comment_status":"open","ping_status":"open","template":"","meta":{"footnotes":""},"_links":{"self":[{"href":"https:\/\/jonaswinner.com\/index.php?rest_route=\/wp\/v2\/pages\/1329"}],"collection":[{"href":"https:\/\/jonaswinner.com\/index.php?rest_route=\/wp\/v2\/pages"}],"about":[{"href":"https:\/\/jonaswinner.com\/index.php?rest_route=\/wp\/v2\/types\/page"}],"author":[{"embeddable":true,"href":"https:\/\/jonaswinner.com\/index.php?rest_route=\/wp\/v2\/users\/1"}],"replies":[{"embeddable":true,"href":"https:\/\/jonaswinner.com\/index.php?rest_route=%2Fwp%2Fv2%2Fcomments&post=1329"}],"version-history":[{"count":7,"href":"https:\/\/jonaswinner.com\/index.php?rest_route=\/wp\/v2\/pages\/1329\/revisions"}],"predecessor-version":[{"id":1351,"href":"https:\/\/jonaswinner.com\/index.php?rest_route=\/wp\/v2\/pages\/1329\/revisions\/1351"}],"wp:attachment":[{"href":"https:\/\/jonaswinner.com\/index.php?rest_route=%2Fwp%2Fv2%2Fmedia&parent=1329"}],"curies":[{"name":"wp","href":"https:\/\/api.w.org\/{rel}","templated":true}]}}